{"id":135,"date":"2018-10-02T11:39:48","date_gmt":"2018-10-02T09:39:48","guid":{"rendered":"http:\/\/cpmtenllado.es\/main\/?page_id=135"},"modified":"2025-01-10T13:22:09","modified_gmt":"2025-01-10T12:22:09","slug":"informacion-academica","status":"publish","type":"page","link":"https:\/\/cpmtenllado.es\/main\/informacion-academica\/","title":{"rendered":"Informaci\u00f3n acad\u00e9mica"},"content":{"rendered":"<p>[et_pb_section fb_built=\u00bb1&#8243; fullwidth=\u00bbon\u00bb _builder_version=\u00bb4.16&#8243; global_colors_info=\u00bb{}\u00bb][et_pb_fullwidth_image src=\u00bbhttps:\/\/cpmtenllado.es\/main\/wp-content\/uploads\/img\/cabecera_academica.jpg\u00bb show_in_lightbox=\u00bbon\u00bb _builder_version=\u00bb4.16&#8243; global_colors_info=\u00bb{}\u00bb][\/et_pb_fullwidth_image][\/et_pb_section][et_pb_section fb_built=\u00bb1&#8243; _builder_version=\u00bb4.16&#8243; global_colors_info=\u00bb{}\u00bb][et_pb_row _builder_version=\u00bb4.16&#8243; background_size=\u00bbinitial\u00bb background_position=\u00bbtop_left\u00bb background_repeat=\u00bbrepeat\u00bb global_colors_info=\u00bb{}\u00bb][et_pb_column type=\u00bb4_4&#8243; _builder_version=\u00bb4.16&#8243; custom_padding=\u00bb|||\u00bb global_colors_info=\u00bb{}\u00bb custom_padding__hover=\u00bb|||\u00bb][et_pb_post_title meta=\u00bboff\u00bb featured_image=\u00bboff\u00bb _builder_version=\u00bb4.19.5&#8243; _module_preset=\u00bbdefault\u00bb title_font=\u00bb|800|||||||\u00bb title_text_align=\u00bbleft\u00bb title_font_size=\u00bb28px\u00bb global_colors_info=\u00bb{}\u00bb][\/et_pb_post_title][\/et_pb_column][\/et_pb_row][et_pb_row _builder_version=\u00bb4.16&#8243; background_size=\u00bbinitial\u00bb background_position=\u00bbtop_left\u00bb background_repeat=\u00bbrepeat\u00bb global_colors_info=\u00bb{}\u00bb][et_pb_column type=\u00bb4_4&#8243; _builder_version=\u00bb4.16&#8243; custom_padding=\u00bb|||\u00bb global_colors_info=\u00bb{}\u00bb custom_padding__hover=\u00bb|||\u00bb][et_pb_text _builder_version=\u00bb4.19.5&#8243; saved_tabs=\u00bball\u00bb global_colors_info=\u00bb{}\u00bb]<\/p>\n<h2>Plan de Centro<\/h2>\n<p>Puede descargar aqu\u00ed el <a href=\"https:\/\/cpmtenllado.es\/main\/wp-content\/uploads\/docacad\/Plan_de_Centro.pdf\" target=\"_blank\" rel=\"noopener noreferrer\">Plan de Centro<\/a>.<\/p>\n<p>[\/et_pb_text][et_pb_divider color=\u00bb#000000&#8243; _builder_version=\u00bb4.16&#8243; height=\u00bb9px\u00bb global_colors_info=\u00bb{}\u00bb][\/et_pb_divider][\/et_pb_column][\/et_pb_row][et_pb_row _builder_version=\u00bb4.16&#8243; background_size=\u00bbinitial\u00bb background_position=\u00bbtop_left\u00bb background_repeat=\u00bbrepeat\u00bb global_colors_info=\u00bb{}\u00bb][et_pb_column type=\u00bb4_4&#8243; _builder_version=\u00bb4.16&#8243; custom_padding=\u00bb|||\u00bb global_colors_info=\u00bb{}\u00bb custom_padding__hover=\u00bb|||\u00bb][et_pb_text _builder_version=\u00bb4.16&#8243; global_colors_info=\u00bb{}\u00bb]<\/p>\n<h2>Oferta Educativa<\/h2>\n<p>Nuestro conservatorio ofrece a alumnado a partir de 8 a\u00f1os de edad las Ense\u00f1anzas Elementales B\u00e1sicas (EB) y Profesionales (EP) de M\u00fasica de los siguientes instrumentos (clique en las im\u00e1genes para m\u00e1s informaci\u00f3n, encontrar\u00e1 un v\u00eddeo de presentaci\u00f3n y la programaci\u00f3n del instrumento correspondiente):<\/p>\n<p>[\/et_pb_text][\/et_pb_column][\/et_pb_row][et_pb_row column_structure=\u00bb1_4,1_4,1_4,1_4&#8243; _builder_version=\u00bb4.16&#8243; module_alignment=\u00bbcenter\u00bb global_colors_info=\u00bb{}\u00bb][et_pb_column type=\u00bb1_4&#8243; _builder_version=\u00bb4.16&#8243; custom_padding=\u00bb|||\u00bb global_colors_info=\u00bb{}\u00bb custom_padding__hover=\u00bb|||\u00bb][et_pb_blurb title=\u00bbContrabajo\u00bb image=\u00bbhttps:\/\/cpmtenllado.es\/main\/wp-content\/uploads\/img\/instr\/contrabajo-ico.png\u00bb _builder_version=\u00bb4.20.4&#8243; _module_preset=\u00bbdefault\u00bb header_text_align=\u00bbcenter\u00bb text_orientation=\u00bbcenter\u00bb link_option_url=\u00bbhttps:\/\/cpmtenllado.es\/main\/contrabajo\/\u00bb link_option_url_new_window=\u00bbon\u00bb global_colors_info=\u00bb{}\u00bb][\/et_pb_blurb][\/et_pb_column][et_pb_column type=\u00bb1_4&#8243; _builder_version=\u00bb4.16&#8243; custom_padding=\u00bb|||\u00bb global_colors_info=\u00bb{}\u00bb custom_padding__hover=\u00bb|||\u00bb][et_pb_blurb title=\u00bbViola\u00bb image=\u00bbhttps:\/\/cpmtenllado.es\/main\/wp-content\/uploads\/img\/instr\/viola-ico.png\u00bb _builder_version=\u00bb4.20.4&#8243; _module_preset=\u00bbdefault\u00bb header_text_align=\u00bbcenter\u00bb link_option_url=\u00bbhttps:\/\/cpmtenllado.es\/main\/viola\/\u00bb link_option_url_new_window=\u00bbon\u00bb global_colors_info=\u00bb{}\u00bb][\/et_pb_blurb][\/et_pb_column][et_pb_column type=\u00bb1_4&#8243; _builder_version=\u00bb4.16&#8243; custom_padding=\u00bb|||\u00bb global_colors_info=\u00bb{}\u00bb custom_padding__hover=\u00bb|||\u00bb][et_pb_blurb title=\u00bbViol\u00edn\u00bb image=\u00bbhttps:\/\/cpmtenllado.es\/main\/wp-content\/uploads\/img\/instr\/violin-ico.png\u00bb _builder_version=\u00bb4.20.4&#8243; _module_preset=\u00bbdefault\u00bb header_text_align=\u00bbcenter\u00bb link_option_url=\u00bbhttps:\/\/cpmtenllado.es\/main\/violin\/\u00bb link_option_url_new_window=\u00bbon\u00bb global_colors_info=\u00bb{}\u00bb][\/et_pb_blurb][\/et_pb_column][et_pb_column type=\u00bb1_4&#8243; _builder_version=\u00bb4.16&#8243; custom_padding=\u00bb|||\u00bb global_colors_info=\u00bb{}\u00bb custom_padding__hover=\u00bb|||\u00bb][et_pb_blurb title=\u00bbViolonchelo\u00bb image=\u00bbhttps:\/\/cpmtenllado.es\/main\/wp-content\/uploads\/img\/instr\/violonchelo-ico.png\u00bb _builder_version=\u00bb4.20.4&#8243; _module_preset=\u00bbdefault\u00bb header_text_align=\u00bbcenter\u00bb link_option_url=\u00bbhttps:\/\/cpmtenllado.es\/main\/violonchelo\/\u00bb link_option_url_new_window=\u00bbon\u00bb global_colors_info=\u00bb{}\u00bb][\/et_pb_blurb][\/et_pb_column][\/et_pb_row][et_pb_row column_structure=\u00bb1_4,1_4,1_4,1_4&#8243; _builder_version=\u00bb4.16&#8243; module_alignment=\u00bbcenter\u00bb global_colors_info=\u00bb{}\u00bb][et_pb_column type=\u00bb1_4&#8243; _builder_version=\u00bb4.16&#8243; custom_padding=\u00bb|||\u00bb global_colors_info=\u00bb{}\u00bb custom_padding__hover=\u00bb|||\u00bb][et_pb_blurb title=\u00bbGuitarra\u00bb image=\u00bbhttps:\/\/cpmtenllado.es\/main\/wp-content\/uploads\/img\/instr\/guitarra-ico.png\u00bb _builder_version=\u00bb4.20.4&#8243; _module_preset=\u00bbdefault\u00bb header_text_align=\u00bbcenter\u00bb link_option_url=\u00bbhttps:\/\/cpmtenllado.es\/main\/guitarra\/\u00bb link_option_url_new_window=\u00bbon\u00bb global_colors_info=\u00bb{}\u00bb][\/et_pb_blurb][\/et_pb_column][et_pb_column type=\u00bb1_4&#8243; _builder_version=\u00bb4.16&#8243; custom_padding=\u00bb|||\u00bb global_colors_info=\u00bb{}\u00bb custom_padding__hover=\u00bb|||\u00bb][et_pb_blurb title=\u00bbCanto\u00bb image=\u00bbhttps:\/\/cpmtenllado.es\/main\/wp-content\/uploads\/img\/instr\/canto-ico.png\u00bb _builder_version=\u00bb4.20.4&#8243; _module_preset=\u00bbdefault\u00bb header_text_align=\u00bbcenter\u00bb link_option_url=\u00bbhttps:\/\/cpmtenllado.es\/main\/canto\/\u00bb link_option_url_new_window=\u00bbon\u00bb global_colors_info=\u00bb{}\u00bb][\/et_pb_blurb][\/et_pb_column][et_pb_column type=\u00bb1_4&#8243; _builder_version=\u00bb4.16&#8243; custom_padding=\u00bb|||\u00bb global_colors_info=\u00bb{}\u00bb custom_padding__hover=\u00bb|||\u00bb][et_pb_blurb title=\u00bbClave\u00bb image=\u00bbhttps:\/\/cpmtenllado.es\/main\/wp-content\/uploads\/img\/instr\/clave-ico.png\u00bb _builder_version=\u00bb4.20.4&#8243; _module_preset=\u00bbdefault\u00bb header_text_align=\u00bbcenter\u00bb link_option_url=\u00bbhttps:\/\/cpmtenllado.es\/main\/clave\/\u00bb link_option_url_new_window=\u00bbon\u00bb global_colors_info=\u00bb{}\u00bb][\/et_pb_blurb][\/et_pb_column][et_pb_column type=\u00bb1_4&#8243; _builder_version=\u00bb4.16&#8243; _module_preset=\u00bbdefault\u00bb global_colors_info=\u00bb{}\u00bb][et_pb_blurb title=\u00bbFlauta de Pico\u00bb image=\u00bbhttps:\/\/cpmtenllado.es\/main\/wp-content\/uploads\/img\/instr\/pico-ico.png\u00bb _builder_version=\u00bb4.20.4&#8243; _module_preset=\u00bbdefault\u00bb header_text_align=\u00bbcenter\u00bb link_option_url=\u00bbhttps:\/\/cpmtenllado.es\/main\/pico\/\u00bb link_option_url_new_window=\u00bbon\u00bb global_colors_info=\u00bb{}\u00bb][\/et_pb_blurb][\/et_pb_column][\/et_pb_row][et_pb_row column_structure=\u00bb1_4,1_4,1_4,1_4&#8243; _builder_version=\u00bb4.16&#8243; module_alignment=\u00bbcenter\u00bb global_colors_info=\u00bb{}\u00bb][et_pb_column type=\u00bb1_4&#8243; _builder_version=\u00bb4.16&#8243; custom_padding=\u00bb|||\u00bb global_colors_info=\u00bb{}\u00bb custom_padding__hover=\u00bb|||\u00bb][et_pb_blurb title=\u00bbViola da Gamba\u00bb url_new_window=\u00bbon\u00bb image=\u00bbhttps:\/\/cpmtenllado.es\/main\/wp-content\/uploads\/img\/instr\/gamba-ico.png\u00bb _builder_version=\u00bb4.20.4&#8243; _module_preset=\u00bbdefault\u00bb header_text_align=\u00bbcenter\u00bb link_option_url=\u00bbhttps:\/\/cpmtenllado.es\/main\/gamba\u00bb link_option_url_new_window=\u00bbon\u00bb global_colors_info=\u00bb{}\u00bb][\/et_pb_blurb][\/et_pb_column][et_pb_column type=\u00bb1_4&#8243; _builder_version=\u00bb4.16&#8243; custom_padding=\u00bb|||\u00bb global_colors_info=\u00bb{}\u00bb custom_padding__hover=\u00bb|||\u00bb][et_pb_blurb title=\u00bbPiano\u00bb image=\u00bbhttps:\/\/cpmtenllado.es\/main\/wp-content\/uploads\/img\/instr\/piano-ico.png\u00bb _builder_version=\u00bb4.20.4&#8243; _module_preset=\u00bbdefault\u00bb header_text_align=\u00bbcenter\u00bb link_option_url=\u00bbhttps:\/\/cpmtenllado.es\/main\/piano\u00bb link_option_url_new_window=\u00bbon\u00bb global_colors_info=\u00bb{}\u00bb][\/et_pb_blurb][\/et_pb_column][et_pb_column type=\u00bb1_4&#8243; _builder_version=\u00bb4.16&#8243; custom_padding=\u00bb|||\u00bb global_colors_info=\u00bb{}\u00bb custom_padding__hover=\u00bb|||\u00bb][et_pb_blurb title=\u00bbClarinete\u00bb image=\u00bbhttps:\/\/cpmtenllado.es\/main\/wp-content\/uploads\/img\/instr\/clarinete-ico.png\u00bb _builder_version=\u00bb4.20.4&#8243; _module_preset=\u00bbdefault\u00bb header_text_align=\u00bbcenter\u00bb link_option_url=\u00bbhttps:\/\/cpmtenllado.es\/main\/clarinete\/\u00bb link_option_url_new_window=\u00bbon\u00bb global_colors_info=\u00bb{}\u00bb][\/et_pb_blurb][\/et_pb_column][et_pb_column type=\u00bb1_4&#8243; _builder_version=\u00bb4.16&#8243; custom_padding=\u00bb|||\u00bb global_colors_info=\u00bb{}\u00bb custom_padding__hover=\u00bb|||\u00bb][et_pb_blurb title=\u00bbFagot\u00bb image=\u00bbhttps:\/\/cpmtenllado.es\/main\/wp-content\/uploads\/img\/instr\/fagot-ico.png\u00bb _builder_version=\u00bb4.20.4&#8243; _module_preset=\u00bbdefault\u00bb header_text_align=\u00bbcenter\u00bb link_option_url=\u00bbhttps:\/\/cpmtenllado.es\/main\/fagot\/\u00bb link_option_url_new_window=\u00bbon\u00bb global_colors_info=\u00bb{}\u00bb][\/et_pb_blurb][\/et_pb_column][\/et_pb_row][et_pb_row column_structure=\u00bb1_5,1_5,1_5,1_5,1_5&#8243; _builder_version=\u00bb4.16&#8243; module_alignment=\u00bbcenter\u00bb global_colors_info=\u00bb{}\u00bb][et_pb_column type=\u00bb1_5&#8243; _builder_version=\u00bb4.16&#8243; custom_padding=\u00bb|||\u00bb global_colors_info=\u00bb{}\u00bb custom_padding__hover=\u00bb|||\u00bb][et_pb_blurb title=\u00bbOboe\u00bb image=\u00bbhttps:\/\/cpmtenllado.es\/main\/wp-content\/uploads\/img\/instr\/oboe-ico.png\u00bb _builder_version=\u00bb4.20.4&#8243; _module_preset=\u00bbdefault\u00bb header_text_align=\u00bbcenter\u00bb link_option_url=\u00bbhttps:\/\/cpmtenllado.es\/main\/oboe\/\u00bb link_option_url_new_window=\u00bbon\u00bb global_colors_info=\u00bb{}\u00bb][\/et_pb_blurb][\/et_pb_column][et_pb_column type=\u00bb1_5&#8243; _builder_version=\u00bb4.16&#8243; custom_padding=\u00bb|||\u00bb global_colors_info=\u00bb{}\u00bb custom_padding__hover=\u00bb|||\u00bb][et_pb_blurb title=\u00bbFlauta Travesera\u00bb image=\u00bbhttps:\/\/cpmtenllado.es\/main\/wp-content\/uploads\/img\/instr\/travesera-ico.png\u00bb _builder_version=\u00bb4.20.4&#8243; _module_preset=\u00bbdefault\u00bb header_text_align=\u00bbcenter\u00bb link_option_url=\u00bbhttps:\/\/cpmtenllado.es\/main\/flauta\/\u00bb link_option_url_new_window=\u00bbon\u00bb global_colors_info=\u00bb{}\u00bb][\/et_pb_blurb][\/et_pb_column][et_pb_column type=\u00bb1_5&#8243; _builder_version=\u00bb4.16&#8243; custom_padding=\u00bb|||\u00bb global_colors_info=\u00bb{}\u00bb custom_padding__hover=\u00bb|||\u00bb][et_pb_blurb title=\u00bbPercusi\u00f3n\u00bb image=\u00bbhttps:\/\/cpmtenllado.es\/main\/wp-content\/uploads\/img\/instr\/percusion-ico.png\u00bb _builder_version=\u00bb4.20.4&#8243; _module_preset=\u00bbdefault\u00bb header_text_align=\u00bbcenter\u00bb link_option_url=\u00bbhttps:\/\/cpmtenllado.es\/main\/percusion\/\u00bb link_option_url_new_window=\u00bbon\u00bb global_colors_info=\u00bb{}\u00bb][\/et_pb_blurb][\/et_pb_column][et_pb_column type=\u00bb1_5&#8243; _builder_version=\u00bb4.16&#8243; custom_padding=\u00bb|||\u00bb global_colors_info=\u00bb{}\u00bb custom_padding__hover=\u00bb|||\u00bb][et_pb_blurb title=\u00bbTrompa\u00bb image=\u00bbhttps:\/\/cpmtenllado.es\/main\/wp-content\/uploads\/img\/instr\/trompa-ico.png\u00bb _builder_version=\u00bb4.20.4&#8243; _module_preset=\u00bbdefault\u00bb header_text_align=\u00bbcenter\u00bb link_option_url=\u00bbhttps:\/\/cpmtenllado.es\/main\/trompa\/\u00bb link_option_url_new_window=\u00bbon\u00bb global_colors_info=\u00bb{}\u00bb][\/et_pb_blurb][\/et_pb_column][et_pb_column type=\u00bb1_5&#8243; _builder_version=\u00bb4.20.4&#8243; _module_preset=\u00bbdefault\u00bb global_colors_info=\u00bb{}\u00bb][et_pb_blurb title=\u00bbTrompeta\u00bb image=\u00bbhttps:\/\/cpmtenllado.es\/main\/wp-content\/uploads\/img\/instr\/trompeta-ico.png\u00bb _builder_version=\u00bb4.20.4&#8243; _module_preset=\u00bbdefault\u00bb header_text_align=\u00bbcenter\u00bb link_option_url=\u00bbhttps:\/\/cpmtenllado.es\/main\/trompeta\/\u00bb link_option_url_new_window=\u00bbon\u00bb global_colors_info=\u00bb{}\u00bb][\/et_pb_blurb][\/et_pb_column][\/et_pb_row][et_pb_row _builder_version=\u00bb4.16&#8243; background_size=\u00bbinitial\u00bb background_position=\u00bbtop_left\u00bb background_repeat=\u00bbrepeat\u00bb global_colors_info=\u00bb{}\u00bb][et_pb_column type=\u00bb4_4&#8243; _builder_version=\u00bb4.16&#8243; custom_padding=\u00bb|||\u00bb global_colors_info=\u00bb{}\u00bb custom_padding__hover=\u00bb|||\u00bb][et_pb_divider color=\u00bb#000000&#8243; _builder_version=\u00bb4.16&#8243; height=\u00bb9px\u00bb global_colors_info=\u00bb{}\u00bb][\/et_pb_divider][\/et_pb_column][\/et_pb_row][et_pb_row column_structure=\u00bb1_2,1_2&#8243; _builder_version=\u00bb4.16&#8243; background_size=\u00bbinitial\u00bb background_position=\u00bbtop_left\u00bb background_repeat=\u00bbrepeat\u00bb global_colors_info=\u00bb{}\u00bb][et_pb_column type=\u00bb1_2&#8243; _builder_version=\u00bb4.16&#8243; custom_padding=\u00bb|||\u00bb global_colors_info=\u00bb{}\u00bb custom_padding__hover=\u00bb|||\u00bb][et_pb_text _builder_version=\u00bb4.19.5&#8243; global_colors_info=\u00bb{}\u00bb]<\/p>\n<h2>Asignaturas e itinerarios<\/h2>\n<p>[\/et_pb_text][et_pb_text _builder_version=\u00bb4.20.2&#8243; link_option_url_new_window=\u00bbon\u00bb global_colors_info=\u00bb{}\u00bb]<\/p>\n<h3>Curr\u00edculo de Ense\u00f1anzas B\u00e1sicas<\/h3>\n<p><a href=\"https:\/\/cpmtenllado.es\/main\/wp-content\/uploads\/docacad\/curric\/cur-eb.pdf\" target=\"_blank\" rel=\"noopener noreferrer\">Todos los instrumentos<\/a><\/p>\n<p>[\/et_pb_text][et_pb_text _builder_version=\u00bb4.27.4&#8243; hover_enabled=\u00bb0&#8243; global_colors_info=\u00bb{}\u00bb sticky_enabled=\u00bb0&#8243;]<\/p>\n<h3>Curr\u00edculo de Ense\u00f1anzas Profesionales<\/h3>\n<p><a href=\"https:\/\/cpmtenllado.es\/main\/wp-content\/uploads\/docacad\/curric\/cur-sinf-ep.pdf\" target=\"_blank\" rel=\"noopener\">Instrumentos Sinf\u00f3nicos<\/a><\/p>\n<p><a href=\"https:\/\/cpmtenllado.es\/main\/wp-content\/uploads\/docacad\/curric\/cur-ma-ep.pdf\" target=\"_blank\" rel=\"noopener\">Instrumentos de M\u00fasica Antigua<\/a><\/p>\n<p><a href=\"https:\/\/cpmtenllado.es\/main\/wp-content\/uploads\/docacad\/curric\/cur-gu-ep.pdf\" target=\"_blank\" rel=\"noopener noreferrer\">Guitarra<\/a><\/p>\n<p><a href=\"https:\/\/cpmtenllado.es\/main\/wp-content\/uploads\/docacad\/curric\/cur-pn-ep.pdf\" target=\"_blank\" rel=\"noopener noreferrer\">Piano<\/a><\/p>\n<p><a href=\"https:\/\/cpmtenllado.es\/main\/wp-content\/uploads\/docacad\/curric\/Curr\u00edculo_Piano.pdf\" target=\"_blank\" rel=\"noopener noreferrer\"><\/a><a href=\"https:\/\/cpmtenllado.es\/main\/wp-content\/uploads\/docacad\/curric\/cur-ca.pdf\" target=\"_blank\" rel=\"noopener\">Canto<\/a><\/p>\n<p><a href=\"https:\/\/cpmtenllado.es\/main\/wp-content\/uploads\/docacad\/curric\/or-it.pdf\" target=\"_blank\" rel=\"noopener\">Diagrama sobre elecci\u00f3n de itinerarios en 5EP y 6EP<\/a><\/p>\n<p>[\/et_pb_text][\/et_pb_column][et_pb_column type=\u00bb1_2&#8243; _builder_version=\u00bb4.16&#8243; custom_padding=\u00bb|||\u00bb global_colors_info=\u00bb{}\u00bb custom_padding__hover=\u00bb|||\u00bb][et_pb_video src=\u00bbhttps:\/\/youtu.be\/ntff_0C6fLg\u00bb src_webm=\u00bbhttps:\/\/youtu.be\/ntff_0C6fLg\u00bb _builder_version=\u00bb4.16&#8243; global_colors_info=\u00bb{}\u00bb][\/et_pb_video][\/et_pb_column][\/et_pb_row][et_pb_row _builder_version=\u00bb4.16&#8243; background_size=\u00bbinitial\u00bb background_position=\u00bbtop_left\u00bb background_repeat=\u00bbrepeat\u00bb global_colors_info=\u00bb{}\u00bb][et_pb_column type=\u00bb4_4&#8243; _builder_version=\u00bb4.16&#8243; custom_padding=\u00bb|||\u00bb global_colors_info=\u00bb{}\u00bb custom_padding__hover=\u00bb|||\u00bb][et_pb_text _builder_version=\u00bb4.19.5&#8243; global_colors_info=\u00bb{}\u00bb]<\/p>\n<h3>Programaciones de las asignaturas<\/h3>\n<p>[\/et_pb_text][et_pb_toggle title=\u00bbAsignaturas. Haga click para desplegar el men\u00fa.\u00bb _builder_version=\u00bb4.19.5&#8243; global_colors_info=\u00bb{}\u00bb]<\/p>\n<p><a href=\"https:\/\/cpmtenllado.es\/main\/wp-content\/uploads\/docacad\/prog\/fund\/p_aco.pdf\">Acompa\u00f1amiento<\/a><br \/><a href=\"https:\/\/cpmtenllado.es\/main\/wp-content\/uploads\/docacad\/prog\/fund\/p_acu.pdf\">Ac\u00fastica y Organolog\u00eda<\/a><br \/><a href=\"https:\/\/cpmtenllado.es\/main\/wp-content\/uploads\/docacad\/prog\/cuer\/p_amuc.pdf\">Agrupaciones Musicales de Cuerda<\/a><br \/><a href=\"https:\/\/cpmtenllado.es\/main\/wp-content\/uploads\/docacad\/prog\/ma\/p_amufp.pdf\">Agrupaciones Musicales de Flauta de Pico<\/a><br \/><a href=\"https:\/\/cpmtenllado.es\/main\/wp-content\/uploads\/docacad\/prog\/gui\/p_amugui.pdf\">Agrupaciones Musicales de Guitarra<\/a><br \/><a href=\"https:\/\/cpmtenllado.es\/main\/wp-content\/uploads\/docacad\/prog\/pn\/p_agrupn.pdf\">Agrupaciones Musicales de Piano<\/a><br \/><a href=\"https:\/\/cpmtenllado.es\/main\/wp-content\/uploads\/docacad\/prog\/viper\/p_amuviper.pdf\">Agrupaciones Musicales de Viento y Percusi\u00f3n<\/a><br \/><a href=\"https:\/\/cpmtenllado.es\/main\/wp-content\/uploads\/docacad\/prog\/fund\/p_ana.pdf\">An\u00e1lisis Musical<\/a><br \/><a href=\"https:\/\/cpmtenllado.es\/main\/wp-content\/uploads\/docacad\/prog\/fund\/p_arm.pdf\">Armon\u00eda<\/a><br \/><a href=\"https:\/\/cpmtenllado.es\/main\/wp-content\/uploads\/docacad\/prog\/fund\/p_com.pdf\">Composici\u00f3n<\/a><br \/><a href=\"https:\/\/cpmtenllado.es\/main\/wp-content\/uploads\/docacad\/prog\/gui\/p_congui.pdf\">Conjunto de Guitarra<\/a><br \/><a href=\"https:\/\/cpmtenllado.es\/main\/wp-content\/uploads\/docacad\/prog\/pn\/p_conpn.pdf\">Conjunto de Piano<\/a><br \/><a href=\"https:\/\/cpmtenllado.es\/main\/wp-content\/uploads\/docacad\/prog\/ma\/p_consort.pdf\">Consort de Flautas de Pico<\/a><br \/><a href=\"https:\/\/cpmtenllado.es\/main\/wp-content\/uploads\/docacad\/prog\/ma\/p_cont.pdf\">Continuo<\/a><br \/><a href=\"https:\/\/cpmtenllado.es\/main\/wp-content\/uploads\/docacad\/prog\/agru\/p_coro.pdf\">Coro<\/a><br \/><a href=\"https:\/\/cpmtenllado.es\/main\/wp-content\/uploads\/docacad\/prog\/fund\/p_ent.pdf\">Entrenamiento para el alto desempe\u00f1o<\/a><br \/><a href=\"https:\/\/cpmtenllado.es\/main\/wp-content\/uploads\/docacad\/prog\/fund\/p_eyf.pdf\">Estilos y Formas Musicales<\/a><br \/><a href=\"https:\/\/cpmtenllado.es\/main\/wp-content\/uploads\/docacad\/prog\/fund\/p_hm.pdf\">Historia de la M\u00fasica<\/a><br \/><a href=\"https:\/\/cpmtenllado.es\/main\/wp-content\/uploads\/docacad\/prog\/fund\/p_hpm.pdf\"><\/a><a href=\"https:\/\/cpmtenllado.es\/main\/wp-content\/uploads\/docacad\/prog\/fund\/p_hpm.pdf\">Historia del Pensamiento Musical<\/a><br \/><a href=\"https:\/\/cpmtenllado.es\/main\/wp-content\/uploads\/docacad\/prog\/fund\/p_iac.pdf\">Improvisaci\u00f3n y Acompa\u00f1amiento<\/a><br \/><a href=\"https:\/\/cpmtenllado.es\/main\/wp-content\/uploads\/docacad\/prog\/fund\/p_iacp.pdf\">Improvisaci\u00f3n y Acompa\u00f1amiento al Piano<\/a><br \/><a href=\"https:\/\/cpmtenllado.es\/main\/wp-content\/uploads\/docacad\/prog\/fund\/p_inf.pdf\">Inform\u00e1tica Musical<\/a><br \/>Iniciaci\u00f3n a la Direcci\u00f3n Orquestal<br \/><a href=\"https:\/\/cpmtenllado.es\/main\/wp-content\/uploads\/docacad\/prog\/lm\/p_lm.pdf\">Lenguaje Musical<\/a><br \/><a href=\"https:\/\/cpmtenllado.es\/main\/wp-content\/uploads\/docacad\/prog\/viper\/p_lipcl.pdf\">Literatura e Interpretaci\u00f3n del Instrumento Principal (Clarinete)<\/a><br \/><a href=\"https:\/\/cpmtenllado.es\/main\/wp-content\/uploads\/docacad\/prog\/cuer\/p_lic.pdf\">Literatura e Interpretaci\u00f3n del Instrumento Principal (Cuerda)<\/a><br \/><a href=\"https:\/\/cpmtenllado.es\/main\/wp-content\/uploads\/docacad\/prog\/gui\/p_ligui.pdf\">Literatura e Interpretaci\u00f3n del Instrumento Principal (Guitarra)<\/a><br \/><a href=\"https:\/\/cpmtenllado.es\/main\/wp-content\/uploads\/docacad\/prog\/viper\/p_lipfg.pdf\">Literatura e Interpretaci\u00f3n del Instrumento Principal (Fagot)<\/a><br \/><a href=\"https:\/\/cpmtenllado.es\/main\/wp-content\/uploads\/docacad\/prog\/ma\/p_lifp.pdf\">Literatura e Interpretaci\u00f3n del Instrumento Principal (Flauta de Pico)<\/a><br \/><a href=\"https:\/\/cpmtenllado.es\/main\/wp-content\/uploads\/docacad\/prog\/viper\/p_lipft.pdf\">Literatura e Interpretaci\u00f3n del Instrumento Principal (Flauta Travesera)<\/a><br \/><a href=\"https:\/\/cpmtenllado.es\/main\/wp-content\/uploads\/docacad\/prog\/viper\/p_liob.pdf\">Literatura e Interpretaci\u00f3n del Instrumento Principal (Oboe)<\/a><br \/><a href=\"https:\/\/cpmtenllado.es\/main\/wp-content\/uploads\/docacad\/prog\/viper\/p_liper.pdf\">Literatura e Interpretaci\u00f3n del Instrumento Principal (Percusi\u00f3n)<\/a><br \/><a href=\"https:\/\/cpmtenllado.es\/main\/wp-content\/uploads\/docacad\/prog\/pn\/p_lippn.pdf\">Literatura e Interpretaci\u00f3n del Instrumento Principal (Piano)<\/a><br \/><a href=\"https:\/\/cpmtenllado.es\/main\/wp-content\/uploads\/docacad\/prog\/viper\/p_litp.pdf\">Literatura e Interpretaci\u00f3n del Instrumento Principal (Trompa)<\/a><br \/><a href=\"https:\/\/cpmtenllado.es\/main\/wp-content\/uploads\/docacad\/prog\/agru\/p_mc.pdf\">M\u00fasica de C\u00e1mara<\/a><br \/><a href=\"https:\/\/cpmtenllado.es\/main\/wp-content\/uploads\/docacad\/prog\/agru\/p_oyb.pdf\">Orquesta y Banda<\/a><br \/><a href=\"https:\/\/cpmtenllado.es\/main\/wp-content\/uploads\/docacad\/prog\/ma\/p_patr.pdf\">Patrimonio del Canto Andaluz<\/a><br \/><a href=\"https:\/\/cpmtenllado.es\/main\/wp-content\/uploads\/docacad\/prog\/fund\/p_ped.pdf\">Pedagog\u00eda Musical<\/a><br \/><a href=\"https:\/\/cpmtenllado.es\/main\/wp-content\/uploads\/docacad\/prog\/pn\/p_pc.pdf\">Piano Complementario<\/a><br \/><a href=\"https:\/\/cpmtenllado.es\/main\/wp-content\/uploads\/docacad\/prog\/fund\/p_ryt.pdf\">Repentizaci\u00f3n y Transporte<\/a><\/p>\n<p>[\/et_pb_toggle][\/et_pb_column][\/et_pb_row][et_pb_row _builder_version=\u00bb4.16&#8243; background_size=\u00bbinitial\u00bb background_position=\u00bbtop_left\u00bb background_repeat=\u00bbrepeat\u00bb global_colors_info=\u00bb{}\u00bb][et_pb_column type=\u00bb4_4&#8243; _builder_version=\u00bb4.16&#8243; custom_padding=\u00bb|||\u00bb global_colors_info=\u00bb{}\u00bb custom_padding__hover=\u00bb|||\u00bb][et_pb_divider color=\u00bb#000000&#8243; _builder_version=\u00bb4.16&#8243; height=\u00bb9px\u00bb global_colors_info=\u00bb{}\u00bb][\/et_pb_divider][\/et_pb_column][\/et_pb_row][et_pb_row _builder_version=\u00bb4.16&#8243; background_size=\u00bbinitial\u00bb background_position=\u00bbtop_left\u00bb background_repeat=\u00bbrepeat\u00bb global_colors_info=\u00bb{}\u00bb][et_pb_column type=\u00bb4_4&#8243; _builder_version=\u00bb4.16&#8243; custom_padding=\u00bb|||\u00bb global_colors_info=\u00bb{}\u00bb custom_padding__hover=\u00bb|||\u00bb][et_pb_text _builder_version=\u00bb4.16&#8243; global_colors_info=\u00bb{}\u00bb]<\/p>\n<h2>Titulaciones<\/h2>\n<p>Superar las asignaturas de EB o EP permite solicitar la expedici\u00f3n del <a href=\"..\/titulos\/\">t\u00edtulo<\/a> correspondiente.<\/p>\n<p>[\/et_pb_text][\/et_pb_column][\/et_pb_row][\/et_pb_section]<\/p>\n","protected":false},"excerpt":{"rendered":"<p>Informaci\u00f3n sobre los estudios que se pueden llevar a cabo.<\/p>\n","protected":false},"author":2,"featured_media":0,"parent":0,"menu_order":0,"comment_status":"closed","ping_status":"closed","template":"","meta":{"_et_pb_use_builder":"on","_et_pb_old_content":"","_et_gb_content_width":"","footnotes":""},"class_list":["post-135","page","type-page","status-publish","hentry"],"_links":{"self":[{"href":"https:\/\/cpmtenllado.es\/main\/wp-json\/wp\/v2\/pages\/135","targetHints":{"allow":["GET"]}}],"collection":[{"href":"https:\/\/cpmtenllado.es\/main\/wp-json\/wp\/v2\/pages"}],"about":[{"href":"https:\/\/cpmtenllado.es\/main\/wp-json\/wp\/v2\/types\/page"}],"author":[{"embeddable":true,"href":"https:\/\/cpmtenllado.es\/main\/wp-json\/wp\/v2\/users\/2"}],"replies":[{"embeddable":true,"href":"https:\/\/cpmtenllado.es\/main\/wp-json\/wp\/v2\/comments?post=135"}],"version-history":[{"count":3,"href":"https:\/\/cpmtenllado.es\/main\/wp-json\/wp\/v2\/pages\/135\/revisions"}],"predecessor-version":[{"id":11726,"href":"https:\/\/cpmtenllado.es\/main\/wp-json\/wp\/v2\/pages\/135\/revisions\/11726"}],"wp:attachment":[{"href":"https:\/\/cpmtenllado.es\/main\/wp-json\/wp\/v2\/media?parent=135"}],"curies":[{"name":"wp","href":"https:\/\/api.w.org\/{rel}","templated":true}]}}