{"id":212,"date":"2018-10-02T13:40:36","date_gmt":"2018-10-02T11:40:36","guid":{"rendered":"http:\/\/cpmtenllado.es\/main\/?page_id=212"},"modified":"2025-01-15T13:30:19","modified_gmt":"2025-01-15T12:30:19","slug":"titulos","status":"publish","type":"page","link":"https:\/\/cpmtenllado.es\/main\/informacion-administrativa\/titulos\/","title":{"rendered":"T\u00edtulos"},"content":{"rendered":"<p>[et_pb_section fb_built=\u00bb1&#8243; fullwidth=\u00bbon\u00bb _builder_version=\u00bb4.16&#8243; global_colors_info=\u00bb{}\u00bb][et_pb_fullwidth_image src=\u00bbhttps:\/\/cpmtenllado.es\/main\/wp-content\/uploads\/img\/cabecera_nuestrocentro.jpg\u00bb show_in_lightbox=\u00bbon\u00bb _builder_version=\u00bb4.16&#8243; global_colors_info=\u00bb{}\u00bb][\/et_pb_fullwidth_image][\/et_pb_section][et_pb_section fb_built=\u00bb1&#8243; _builder_version=\u00bb4.16&#8243; global_colors_info=\u00bb{}\u00bb][et_pb_row _builder_version=\u00bb4.14.8&#8243; background_size=\u00bbinitial\u00bb background_position=\u00bbtop_left\u00bb background_repeat=\u00bbrepeat\u00bb max_height=\u00bb35px\u00bb custom_margin=\u00bb2px|auto|2px|auto|false|false\u00bb custom_padding=\u00bb0px|0px|0px|0px|false|false\u00bb global_module=\u00bb5613&#8243; saved_tabs=\u00bball\u00bb global_colors_info=\u00bb{}\u00bb][et_pb_column type=\u00bb4_4&#8243; _builder_version=\u00bb4.16&#8243; custom_padding=\u00bb|||\u00bb global_colors_info=\u00bb{}\u00bb custom_padding__hover=\u00bb|||\u00bb][et_pb_text _builder_version=\u00bb4.16&#8243; text_font_size=\u00bb13px\u00bb max_height=\u00bb35px\u00bb global_colors_info=\u00bb{}\u00bb]<\/p>\n\t\t\t<!-- Flexy Breadcrumb -->\r\n\t\t\t<div class=\"fbc fbc-page\">\r\n\r\n\t\t\t\t<!-- Breadcrumb wrapper -->\r\n\t\t\t\t<div class=\"fbc-wrap\">\r\n\r\n\t\t\t\t\t<!-- Ordered list-->\r\n\t\t\t\t\t<ol class=\"fbc-items\" itemscope itemtype=\"https:\/\/schema.org\/BreadcrumbList\">\r\n\t\t\t\t\t\t            <li itemprop=\"itemListElement\" itemscope itemtype=\"https:\/\/schema.org\/ListItem\">\r\n                <span itemprop=\"name\">\r\n                    <!-- Home Link -->\r\n                    <a itemprop=\"item\" href=\"https:\/\/cpmtenllado.es\/main\">\r\n                    \r\n                                                    <i class=\"fa none\" aria-hidden=\"true\"><\/i>Inicio                    <\/a>\r\n                <\/span>\r\n                <meta itemprop=\"position\" content=\"1\" \/><!-- Meta Position-->\r\n             <\/li><li><span class=\"fbc-separator\">><\/span><\/li><li class=\"active\" itemprop=\"itemListElement\" itemscope itemtype=\"https:\/\/schema.org\/ListItem\"><span itemprop=\"name\" title=\"T\u00edtulos\">T\u00edtulos<\/span><meta itemprop=\"position\" content=\"2\" \/><\/li>\t\t\t\t\t<\/ol>\r\n\t\t\t\t\t<div class=\"clearfix\"><\/div>\r\n\t\t\t\t<\/div>\r\n\t\t\t<\/div>\r\n\t\t\t\n<p>[\/et_pb_text][\/et_pb_column][\/et_pb_row][et_pb_row _builder_version=\u00bb4.16&#8243; background_size=\u00bbinitial\u00bb background_position=\u00bbtop_left\u00bb background_repeat=\u00bbrepeat\u00bb global_colors_info=\u00bb{}\u00bb][et_pb_column type=\u00bb4_4&#8243; _builder_version=\u00bb4.16&#8243; custom_padding=\u00bb|||\u00bb global_colors_info=\u00bb{}\u00bb custom_padding__hover=\u00bb|||\u00bb][et_pb_post_title meta=\u00bboff\u00bb featured_placement=\u00bbabove\u00bb _builder_version=\u00bb4.16&#8243; _module_preset=\u00bbdefault\u00bb title_font=\u00bb|700|||||||\u00bb global_colors_info=\u00bb{}\u00bb][\/et_pb_post_title][et_pb_text _builder_version=\u00bb4.27.4&#8243; hover_enabled=\u00bb0&#8243; global_colors_info=\u00bb{}\u00bb sticky_enabled=\u00bb0&#8243;]<\/p>\n<p>El alumnado que haya concluido sus estudios de Ense\u00f1anzas Elementales o de Ense\u00f1anzas Profesionales podr\u00e1 solicitar la expedici\u00f3n del t\u00edtulo correspondiente.<\/p>\n<h2>Requisitos<\/h2>\n<ul>\n<li>Haber concluido satisfactoriamente las Ense\u00f1anzas Elementales o Profesionales.<\/li>\n<li>DNI o NIE en vigor.<\/li>\n<\/ul>\n<h2>Calendario<\/h2>\n<p>Podr\u00e1 solicitarse su expedici\u00f3n una vez superados los estudios que dan derecho al t\u00edtulo del que desee solicitar la expedici\u00f3n.<\/p>\n<h2>Tramitaci\u00f3n telem\u00e1tica<\/h2>\n<p>Este tr\u00e1mite solo se puede hacer telem\u00e1ticamente.<\/p>\n<p>Acceda a la <a href=\"https:\/\/www.juntadeandalucia.es\/educacion\/secretariavirtual\/\">Secretar\u00eda Virtual de los centros docentes andaluces<\/a> y seleccione el tr\u00e1mite Solicitud de expedici\u00f3n de t\u00edtulos del alumnado. Cumplimente el formulario identific\u00e1ndose con cualquiera de los m\u00e9todos ofrecidos y proceda al pago de las tasas, que se realiza dentro del mismo tr\u00e1mite.\u00a0Consulte <a href=\"https:\/\/www.juntadeandalucia.es\/organismos\/haciendayfinanciacioneuropea\/areas\/tributos-juego\/tributos\/paginas\/cuotatrib_titulos.html\" target=\"_blank\" rel=\"noopener noreferrer\">aqu\u00ed<\/a> las tasas aplicables.<\/p>\n<h2>Otra informaci\u00f3n importante<\/h2>\n<ul>\n<li>El alumnado beneficiario de Familia Numerosa de categor\u00eda General tiene derecho a una bonificaci\u00f3n del 50% sobre el precio de las tasas de expedici\u00f3n del T\u00edtulo.<\/li>\n<li>El alumnado beneficiario de Familia Numerosa de categor\u00eda Especial y el alumnado v\u00edctima del terrorismo est\u00e1 exento del pago de las tasas de expedici\u00f3n del T\u00edtulo.<\/li>\n<li>El plazo de emisi\u00f3n de los t\u00edtulos es de aproximadamente dos a\u00f1os.<\/li>\n<\/ul>\n<h2>Retirada de t\u00edtulos<\/h2>\n<p>Una vez que el conservatorio reciba el t\u00edtulo (aproximadamente dos a\u00f1os despu\u00e9s de la solicitud) comunicar\u00e1 por correo ordinario enviado a la direcci\u00f3n indicada en el formulario de solicitud de t\u00edtulos que se encuentra disponible para su retirada. Para ello, debe pedir cita previa usando el siguiente calendario, teniendo en cuenta que:<\/p>\n<ul>\n<li><span style=\"color: #007a33;\">Si es la persona a cuyo nombre est\u00e1 el t\u00edtulo y mayor de edad, debe acudir personalmente con su DNI.<\/span><\/li>\n<li><span style=\"color: #007a33;\">Si la persona a cuyo nombre est\u00e1 el t\u00edtulo es mayor de edad pero no puede acudir personalmente, puede autorizar por escrito a otra persona, quien deber\u00e1 mostrar su DNI y traer fotocopia del DNI de la persona a cuyo nombre va el t\u00edtulo.<\/span><\/li>\n<li><span style=\"color: #007a33;\">Si la persona a cuyo nombre est\u00e1 el t\u00edtulo es menor de edad, este deber\u00e1 ser retirado por el padre, madre, tutor o tutora legal, quien deber\u00e1 acudir personalmente con su DNI.<\/span><\/li>\n<li><span style=\"color: #007a33;\">Si la persona a cuyo nombre est\u00e1 el t\u00edtulo es menor de edad y su padre, madre, tutor o tutora legal no pueden acudir personalmente a retirarlo, estos podr\u00e1n autorizar por escrito a otra persona, que deber\u00e1 mostrar su DNI, y traer fotocopia del DNI de quien autoriza la retirada del t\u00edtulo de la persona menor de edad.<\/span><\/li>\n<\/ul>\n<p>[\/et_pb_text][et_pb_text _builder_version=\u00bb4.18.0&#8243; _module_preset=\u00bbdefault\u00bb global_colors_info=\u00bb{}\u00bb]<\/p>\n<div class=\"booked-calendar-shortcode-wrap\"><div class=\"booked-calendar-wrap large\"><div class=\"booked-calendar\" data-calendar-id=\"16\" data-calendar-date=\"2026-04-01\">\n\t\t<div class=\"bc-head\">\n\n\t\t\t\n\t\t\t<div class=\"bc-row top\">\n\t\t\t\t<div class=\"bc-col\">\n\t\t\t\t\t\t\t\t\t\t<span class=\"calendarSavingState\">\n\t\t\t\t\t\t<i class=\"fa-solid fa-circle-notch fa-spin\"><\/i>\n\t\t\t\t\t<\/span>\n\t\t\t\t\t<span class=\"monthName\">\n\t\t\t\t\t\tabril 2026\t\t\t\t\t\t\t\t\t\t\t<\/span>\n\t\t\t\t\t\t\t\t\t<\/div>\n\t\t\t<\/div>\n\t\t\t<div class=\"bc-row days\">\n\t\t\t\t\t\t\t\t<div class=\"bc-col\">Lun<\/div>\n\t\t\t\t<div class=\"bc-col\">Mar<\/div>\n\t\t\t\t<div class=\"bc-col\">Mi\u00e9<\/div>\n\t\t\t\t<div class=\"bc-col\">Jue<\/div>\n\t\t\t\t<div class=\"bc-col\">Vie<\/div>\n\t\t\t\t<div class=\"bc-col\">S\u00e1b<\/div>\t\t\t\t<div class=\"bc-col\">Dom<\/div>\t\t\t<\/div>\n\t\t<\/div>\n\t\t<div class=\"bc-body\"><div class=\"bc-row week\"><div data-date=\"2026-03-30\" class=\"bc-col prev-month prev-date\"><span class=\"date\"><span class=\"number\">30<\/span><\/span><\/div><div data-date=\"2026-03-31\" class=\"bc-col prev-month prev-date\"><span class=\"date\"><span class=\"number\">31<\/span><\/span><\/div><div data-date=\"2026-04-1\" class=\"bc-col prev-date\"><span class=\"date\"><span class=\"number\">1<\/span><\/span><\/div><div data-date=\"2026-04-2\" class=\"bc-col prev-date\"><span class=\"date\"><span class=\"number\">2<\/span><\/span><\/div><div data-date=\"2026-04-3\" class=\"bc-col prev-date\"><span class=\"date\"><span class=\"number\">3<\/span><\/span><\/div><div data-date=\"2026-04-4\" class=\"bc-col prev-date\"><span class=\"date\"><span class=\"number\">4<\/span><\/span><\/div><div data-date=\"2026-04-5\" class=\"bc-col prev-date\"><span class=\"date\"><span class=\"number\">5<\/span><\/span><\/div><\/div><div class=\"bc-row week\"><div data-date=\"2026-04-6\" class=\"bc-col prev-date\"><span class=\"date\"><span class=\"number\">6<\/span><\/span><\/div><div data-date=\"2026-04-7\" class=\"bc-col prev-date\"><span class=\"date\"><span class=\"number\">7<\/span><\/span><\/div><div data-date=\"2026-04-8\" class=\"bc-col prev-date\"><span class=\"date\"><span class=\"number\">8<\/span><\/span><\/div><div data-date=\"2026-04-9\" class=\"bc-col prev-date\"><span class=\"date\"><span class=\"number\">9<\/span><\/span><\/div><div data-date=\"2026-04-10\" class=\"bc-col prev-date\"><span class=\"date\"><span class=\"number\">10<\/span><\/span><\/div><div data-date=\"2026-04-11\" class=\"bc-col prev-date\"><span class=\"date\"><span class=\"number\">11<\/span><\/span><\/div><div data-date=\"2026-04-12\" class=\"bc-col prev-date\"><span class=\"date\"><span class=\"number\">12<\/span><\/span><\/div><\/div><div class=\"bc-row week\"><div data-date=\"2026-04-13\" class=\"bc-col prev-date\"><span class=\"date\"><span class=\"number\">13<\/span><\/span><\/div><div data-date=\"2026-04-14\" class=\"bc-col prev-date\"><span class=\"date\"><span class=\"number\">14<\/span><\/span><\/div><div data-date=\"2026-04-15\" class=\"bc-col prev-date\"><span class=\"date\"><span class=\"number\">15<\/span><\/span><\/div><div data-date=\"2026-04-16\" class=\"bc-col prev-date\"><span class=\"date\"><span class=\"number\">16<\/span><\/span><\/div><div data-date=\"2026-04-17\" class=\"bc-col prev-date\"><span class=\"date\"><span class=\"number\">17<\/span><\/span><\/div><div data-date=\"2026-04-18\" class=\"bc-col today prev-date\"><span class=\"date\"><span class=\"number\">18<\/span><\/span><\/div><div data-date=\"2026-04-19\" class=\"bc-col prev-date\"><span class=\"date\"><span class=\"number\">19<\/span><\/span><\/div><\/div><div class=\"bc-row week\"><div data-date=\"2026-04-20\" class=\"bc-col prev-date\"><span class=\"date\"><span class=\"number\">20<\/span><\/span><\/div><div data-date=\"2026-04-21\" class=\"bc-col prev-date\"><span class=\"date\"><span class=\"number\">21<\/span><\/span><\/div><div data-date=\"2026-04-22\" class=\"bc-col prev-date\"><span class=\"date\"><span class=\"number\">22<\/span><\/span><\/div><div data-date=\"2026-04-23\" class=\"bc-col prev-date\"><span class=\"date\"><span class=\"number\">23<\/span><\/span><\/div><div data-date=\"2026-04-24\" class=\"bc-col prev-date\"><span class=\"date\"><span class=\"number\">24<\/span><\/span><\/div><div data-date=\"2026-04-25\" class=\"bc-col prev-date\"><span class=\"date\"><span class=\"number\">25<\/span><\/span><\/div><div data-date=\"2026-04-26\" class=\"bc-col prev-date\"><span class=\"date\"><span class=\"number\">26<\/span><\/span><\/div><\/div><div class=\"bc-row week\"><div data-date=\"2026-04-27\" class=\"bc-col prev-date\"><span class=\"date\"><span class=\"number\">27<\/span><\/span><\/div><div data-date=\"2026-04-28\" class=\"bc-col \"><span class=\"date tooltipster\" title=\"11 disponibles\"><span class=\"number\">28<\/span><\/span><\/div><div data-date=\"2026-04-29\" class=\"bc-col \"><span class=\"date tooltipster\" title=\"11 disponibles\"><span class=\"number\">29<\/span><\/span><\/div><div data-date=\"2026-04-30\" class=\"bc-col prev-date\"><span class=\"date\"><span class=\"number\">30<\/span><\/span><\/div><div data-date=\"2026-05-1\" class=\"bc-col next-month prev-date\"><span class=\"date\"><span class=\"number\">1<\/span><\/span><\/div><div data-date=\"2026-05-2\" class=\"bc-col next-month prev-date\"><span class=\"date\"><span class=\"number\">2<\/span><\/span><\/div><div data-date=\"2026-05-3\" class=\"bc-col next-month prev-date\"><span class=\"date\"><span class=\"number\">3<\/span><\/span><\/div><\/div>\t\t<\/div>\n\t<\/div><\/div><\/div>\n<p>[\/et_pb_text][et_pb_code _builder_version=\u00bb4.18.0&#8243; _module_preset=\u00bbdefault\u00bb global_colors_info=\u00bb{}\u00bb][\/et_pb_code][\/et_pb_column][\/et_pb_row][\/et_pb_section]<\/p>\n","protected":false},"excerpt":{"rendered":"<p>Informaci\u00f3n sobre la solicitud de t\u00edtulos.<\/p>\n","protected":false},"author":2,"featured_media":0,"parent":3992,"menu_order":0,"comment_status":"closed","ping_status":"closed","template":"","meta":{"_et_pb_use_builder":"on","_et_pb_old_content":"","_et_gb_content_width":"","footnotes":""},"class_list":["post-212","page","type-page","status-publish","hentry"],"_links":{"self":[{"href":"https:\/\/cpmtenllado.es\/main\/wp-json\/wp\/v2\/pages\/212","targetHints":{"allow":["GET"]}}],"collection":[{"href":"https:\/\/cpmtenllado.es\/main\/wp-json\/wp\/v2\/pages"}],"about":[{"href":"https:\/\/cpmtenllado.es\/main\/wp-json\/wp\/v2\/types\/page"}],"author":[{"embeddable":true,"href":"https:\/\/cpmtenllado.es\/main\/wp-json\/wp\/v2\/users\/2"}],"replies":[{"embeddable":true,"href":"https:\/\/cpmtenllado.es\/main\/wp-json\/wp\/v2\/comments?post=212"}],"version-history":[{"count":7,"href":"https:\/\/cpmtenllado.es\/main\/wp-json\/wp\/v2\/pages\/212\/revisions"}],"predecessor-version":[{"id":11740,"href":"https:\/\/cpmtenllado.es\/main\/wp-json\/wp\/v2\/pages\/212\/revisions\/11740"}],"up":[{"embeddable":true,"href":"https:\/\/cpmtenllado.es\/main\/wp-json\/wp\/v2\/pages\/3992"}],"wp:attachment":[{"href":"https:\/\/cpmtenllado.es\/main\/wp-json\/wp\/v2\/media?parent=212"}],"curies":[{"name":"wp","href":"https:\/\/api.w.org\/{rel}","templated":true}]}}