{"id":221,"date":"2018-10-02T19:23:28","date_gmt":"2018-10-02T17:23:28","guid":{"rendered":"http:\/\/cpmtenllado.es\/main\/?page_id=221"},"modified":"2024-10-30T14:11:14","modified_gmt":"2024-10-30T13:11:14","slug":"convalidaciones","status":"publish","type":"page","link":"https:\/\/cpmtenllado.es\/main\/informacion-administrativa\/convalidaciones\/","title":{"rendered":"Convalidaciones"},"content":{"rendered":"<p>[et_pb_section fb_built=\u00bb1&#8243; fullwidth=\u00bbon\u00bb _builder_version=\u00bb4.16&#8243; global_colors_info=\u00bb{}\u00bb][et_pb_fullwidth_image src=\u00bbhttps:\/\/cpmtenllado.es\/main\/wp-content\/uploads\/img\/cabecera_nuestrocentro.jpg\u00bb show_in_lightbox=\u00bbon\u00bb _builder_version=\u00bb4.16&#8243; global_colors_info=\u00bb{}\u00bb][\/et_pb_fullwidth_image][\/et_pb_section][et_pb_section fb_built=\u00bb1&#8243; _builder_version=\u00bb4.16&#8243; global_colors_info=\u00bb{}\u00bb][et_pb_row _builder_version=\u00bb4.14.8&#8243; background_size=\u00bbinitial\u00bb background_position=\u00bbtop_left\u00bb background_repeat=\u00bbrepeat\u00bb max_height=\u00bb35px\u00bb custom_margin=\u00bb2px|auto|2px|auto|false|false\u00bb custom_padding=\u00bb0px|0px|0px|0px|false|false\u00bb global_module=\u00bb5613&#8243; saved_tabs=\u00bball\u00bb global_colors_info=\u00bb{}\u00bb][et_pb_column type=\u00bb4_4&#8243; _builder_version=\u00bb4.16&#8243; custom_padding=\u00bb|||\u00bb global_colors_info=\u00bb{}\u00bb custom_padding__hover=\u00bb|||\u00bb][et_pb_text _builder_version=\u00bb4.16&#8243; text_font_size=\u00bb13px\u00bb max_height=\u00bb35px\u00bb global_colors_info=\u00bb{}\u00bb]<\/p>\n\t\t\t<!-- Flexy Breadcrumb -->\r\n\t\t\t<div class=\"fbc fbc-page\">\r\n\r\n\t\t\t\t<!-- Breadcrumb wrapper -->\r\n\t\t\t\t<div class=\"fbc-wrap\">\r\n\r\n\t\t\t\t\t<!-- Ordered list-->\r\n\t\t\t\t\t<ol class=\"fbc-items\" itemscope itemtype=\"https:\/\/schema.org\/BreadcrumbList\">\r\n\t\t\t\t\t\t            <li itemprop=\"itemListElement\" itemscope itemtype=\"https:\/\/schema.org\/ListItem\">\r\n                <span itemprop=\"name\">\r\n                    <!-- Home Link -->\r\n                    <a itemprop=\"item\" href=\"https:\/\/cpmtenllado.es\/main\">\r\n                    \r\n                                                    <i class=\"fa none\" aria-hidden=\"true\"><\/i>Inicio                    <\/a>\r\n                <\/span>\r\n                <meta itemprop=\"position\" content=\"1\" \/><!-- Meta Position-->\r\n             <\/li><li><span class=\"fbc-separator\">><\/span><\/li><li class=\"active\" itemprop=\"itemListElement\" itemscope itemtype=\"https:\/\/schema.org\/ListItem\"><span itemprop=\"name\" title=\"Convalidaciones\">Convalidaciones<\/span><meta itemprop=\"position\" content=\"2\" \/><\/li>\t\t\t\t\t<\/ol>\r\n\t\t\t\t\t<div class=\"clearfix\"><\/div>\r\n\t\t\t\t<\/div>\r\n\t\t\t<\/div>\r\n\t\t\t\n<p>[\/et_pb_text][\/et_pb_column][\/et_pb_row][et_pb_row _builder_version=\u00bb4.19.5&#8243; _module_preset=\u00bbdefault\u00bb global_colors_info=\u00bb{}\u00bb][et_pb_column type=\u00bb4_4&#8243; _builder_version=\u00bb4.19.5&#8243; _module_preset=\u00bbdefault\u00bb global_colors_info=\u00bb{}\u00bb][et_pb_post_title meta=\u00bboff\u00bb featured_image=\u00bboff\u00bb _builder_version=\u00bb4.19.5&#8243; _module_preset=\u00bbdefault\u00bb title_font=\u00bb|800|||||||\u00bb title_font_size=\u00bb28px\u00bb global_colors_info=\u00bb{}\u00bb][\/et_pb_post_title][\/et_pb_column][\/et_pb_row][et_pb_row _builder_version=\u00bb4.16&#8243; background_size=\u00bbinitial\u00bb background_position=\u00bbtop_left\u00bb background_repeat=\u00bbrepeat\u00bb global_colors_info=\u00bb{}\u00bb][et_pb_column type=\u00bb4_4&#8243; _builder_version=\u00bb4.16&#8243; custom_padding=\u00bb|||\u00bb global_colors_info=\u00bb{}\u00bb custom_padding__hover=\u00bb|||\u00bb][et_pb_text _builder_version=\u00bb4.23.1&#8243; global_colors_info=\u00bb{}\u00bb]<\/p>\n<h2>Convalidaciones entre Ense\u00f1anzas Profesionales y Educaci\u00f3n Secundaria Obligatoria y Bachillerato<\/h2>\n<p>El alumnado matriculado en Educaci\u00f3n Secundaria Obligatoria y Bachillerato podr\u00e1 solicitar convalidaci\u00f3n de ciertas asignaturas si ha cursado y superado la prueba de acceso a Ense\u00f1anzas Profesionales, as\u00ed como ciertas materias en las Ense\u00f1anzas Profesionales. Consulte en su colegio o instituto al respecto.<\/p>\n<p>[\/et_pb_text][et_pb_text _builder_version=\u00bb4.19.5&#8243; global_colors_info=\u00bb{}\u00bb]<\/p>\n<h2>Convalidaciones entre Bachillerato y Ense\u00f1anzas Profesionales<\/h2>\n<p>El alumnado matriculado en Ense\u00f1anzas Profesionales podr\u00e1 solicitar convalidaci\u00f3n de ciertas asignaturas si ha cursado y superado ciertas materias en Bachillerato, seg\u00fan se especifica en el siguiente cuadro:<\/p>\n<p>[\/et_pb_text][et_pb_text _builder_version=\u00bb4.23.1&#8243; global_colors_info=\u00bb{}\u00bb]<\/p>\n\n<table id=\"tablepress-3\" class=\"tablepress tablepress-id-3\">\n<thead>\n<tr class=\"row-1\">\n\t<th class=\"column-1\">Asignatura de Bachillerato<\/th><th class=\"column-2\">Asignatura de Ense\u00f1anzas Profesionales convalidada<\/th>\n<\/tr>\n<\/thead>\n<tbody class=\"row-striping\">\n<tr class=\"row-2\">\n\t<td class=\"column-1\">Lenguaje y Pr\u00e1ctica Musical<\/td><td class=\"column-2\">Lenguaje Musical de 1EP<\/td>\n<\/tr>\n<tr class=\"row-3\">\n\t<td class=\"column-1\">Historia de la M\u00fasica y de la Danza<\/td><td class=\"column-2\">Historia de la M\u00fasica de 4EP y 5EP<\/td>\n<\/tr>\n<tr class=\"row-4\">\n\t<td class=\"column-1\">An\u00e1lisis Musical II<\/td><td class=\"column-2\">An\u00e1lisis Musical de 5EP<\/td>\n<\/tr>\n<tr class=\"row-5\">\n\t<td class=\"column-1\">An\u00e1lisis Musical II<\/td><td class=\"column-2\">Fundamentos de Composici\u00f3n de 5EP<\/td>\n<\/tr>\n<\/tbody>\n<\/table>\n<!-- #tablepress-3 from cache -->\n<p>[\/et_pb_text][et_pb_text _builder_version=\u00bb4.27.2&#8243; hover_enabled=\u00bb0&#8243; global_colors_info=\u00bb{}\u00bb sticky_enabled=\u00bb0&#8243;]<\/p>\n<h3>Requisitos<\/h3>\n<p>Haber cursado y superado en Bachillerato las materias que dan derecho a la convalidaci\u00f3n solicitada.<\/p>\n<h3>Calendario<\/h3>\n<p>Del 1 al 15 de septiembre.<\/p>\n<h3>Tramitaci\u00f3n<\/h3>\n<p>Este tr\u00e1mite solo puede hacerse telem\u00e1ticamente:<\/p>\n<ol>\n<li>Acceda al tr\u00e1mite <a href=\"https:\/\/www.juntadeandalucia.es\/educacion\/secretariavirtual\/accesoTramite\/462\/\" target=\"_blank\" rel=\"noopener\">Presentaci\u00f3n Electr\u00f3nica General en Centros Educativos<\/a> de la Secretar\u00eda Virtual de los centros docentes andaluces y cumplimente el formulario indicando como c\u00f3digo de centro 29700281.<\/li>\n<li>En el apartado \u00abExpone\u00bb indique el nombre, curso, especialidad y DNI del alumno o alumna que desea convalidar asignaturas.<\/li>\n<li>En el apartado \u00abSolicita\u00bb indique que desea convalidar la(s) asignatura(s) en cuesti\u00f3n con las que le corresponder\u00eda cursar.<\/li>\n<\/ol>\n<h3>Otra informaci\u00f3n importante<\/h3>\n<ul>\n<li>Cada materia cursada en Bachillerato solo podr\u00e1 ser utilizada para una \u00fanica convalidaci\u00f3n de las establecidas en la Orden.<\/li>\n<li>El reconocimiento de las convalidaciones corresponde a la persona titular de la Direcci\u00f3n del centro.<\/li>\n<li>Las asignaturas convalidadas no ser\u00e1n tenidas en cuenta para el c\u00e1lculo de la nota media.<\/li>\n<li>El alumnado que curse simult\u00e1neamente las Ense\u00f1anzas Profesionales y la ESO podr\u00e1 solicitar en su centro de secundaria convalidaciones de determinadas materias.<\/li>\n<li>Consulte la <a href=\"https:\/\/cpmtenllado.es\/main\/wp-content\/uploads\/docadmin\/normativas\/ORDEN-de-1-de-diciembre-de-2009.pdf\" target=\"_blank\" rel=\"noopener\">normativa<\/a> de aplicaci\u00f3n.<\/li>\n<\/ul>\n<p>[\/et_pb_text][et_pb_text _builder_version=\u00bb4.19.5&#8243; global_colors_info=\u00bb{}\u00bb]<\/p>\n<h2>Convalidaciones entre distintos planes de estudio<\/h2>\n<p>Todas las personas que cursen estudios de M\u00fasica que deseen convalidar asignaturas con otras superadas previamente en planes anteriores o en otras ense\u00f1anzas del sistema educativo espa\u00f1ol, excepto en la Educaci\u00f3n Secundaria Obligatoria o el Bachillerato, cuyo procedimiento se rige por normativa espec\u00edfica, pueden solicitar la convalidaci\u00f3n de asignaturas de los vigentes planes de estudios de Ense\u00f1anzas Elementales y Profesionales de M\u00fasica a trav\u00e9s de la <a href=\"https:\/\/sede.educacion.gob.es\/portada.html\" target=\"_blank\" rel=\"noopener\">Sede Electr\u00f3nica del Ministerio de Educaci\u00f3n y Formaci\u00f3n Profesional<\/a>.<\/p>\n<p>M\u00e1s informaci\u00f3n en la <a href=\"http:\/\/www.educacionyfp.gob.es\/servicios-al-ciudadano\/catalogo\/gestion-titulos\/estudios-no-universitarios\/titulos-espanoles\/convalidaciones\/convalidacion-estudios-musica-danza.html\" target=\"_blank\" rel=\"noopener\">web del Ministerio de Educaci\u00f3n y Formaci\u00f3n Profesional<\/a>.<\/p>\n<p>[\/et_pb_text][\/et_pb_column][\/et_pb_row][\/et_pb_section]<\/p>\n","protected":false},"excerpt":{"rendered":"<p>Informaci\u00f3n sobre convalidaci\u00f3n de asignaturas.<\/p>\n","protected":false},"author":2,"featured_media":0,"parent":3992,"menu_order":0,"comment_status":"closed","ping_status":"closed","template":"","meta":{"_et_pb_use_builder":"on","_et_pb_old_content":"","_et_gb_content_width":"","footnotes":""},"class_list":["post-221","page","type-page","status-publish","hentry"],"_links":{"self":[{"href":"https:\/\/cpmtenllado.es\/main\/wp-json\/wp\/v2\/pages\/221","targetHints":{"allow":["GET"]}}],"collection":[{"href":"https:\/\/cpmtenllado.es\/main\/wp-json\/wp\/v2\/pages"}],"about":[{"href":"https:\/\/cpmtenllado.es\/main\/wp-json\/wp\/v2\/types\/page"}],"author":[{"embeddable":true,"href":"https:\/\/cpmtenllado.es\/main\/wp-json\/wp\/v2\/users\/2"}],"replies":[{"embeddable":true,"href":"https:\/\/cpmtenllado.es\/main\/wp-json\/wp\/v2\/comments?post=221"}],"version-history":[{"count":1,"href":"https:\/\/cpmtenllado.es\/main\/wp-json\/wp\/v2\/pages\/221\/revisions"}],"predecessor-version":[{"id":11605,"href":"https:\/\/cpmtenllado.es\/main\/wp-json\/wp\/v2\/pages\/221\/revisions\/11605"}],"up":[{"embeddable":true,"href":"https:\/\/cpmtenllado.es\/main\/wp-json\/wp\/v2\/pages\/3992"}],"wp:attachment":[{"href":"https:\/\/cpmtenllado.es\/main\/wp-json\/wp\/v2\/media?parent=221"}],"curies":[{"name":"wp","href":"https:\/\/api.w.org\/{rel}","templated":true}]}}