{"id":341,"date":"2018-12-14T10:49:21","date_gmt":"2018-12-14T09:49:21","guid":{"rendered":"http:\/\/cpmtenllado.es\/main\/?page_id=341"},"modified":"2024-03-10T13:11:13","modified_gmt":"2024-03-10T12:11:13","slug":"politica-de-cookies","status":"publish","type":"page","link":"https:\/\/cpmtenllado.es\/main\/politica-de-cookies\/","title":{"rendered":"Pol\u00edtica de cookies"},"content":{"rendered":"<p>[et_pb_section fb_built=\u00bb1&#8243; fullwidth=\u00bbon\u00bb _builder_version=\u00bb4.16&#8243; global_colors_info=\u00bb{}\u00bb][et_pb_fullwidth_image src=\u00bbhttps:\/\/cpmtenllado.es\/main\/wp-content\/uploads\/img\/cabecera_nuestrocentro.jpg\u00bb show_in_lightbox=\u00bbon\u00bb _builder_version=\u00bb4.16&#8243; global_colors_info=\u00bb{}\u00bb][\/et_pb_fullwidth_image][\/et_pb_section][et_pb_section fb_built=\u00bb1&#8243; _builder_version=\u00bb4.16&#8243; global_colors_info=\u00bb{}\u00bb][et_pb_row _builder_version=\u00bb4.16&#8243; background_size=\u00bbinitial\u00bb background_position=\u00bbtop_left\u00bb background_repeat=\u00bbrepeat\u00bb global_colors_info=\u00bb{}\u00bb][et_pb_column type=\u00bb4_4&#8243; _builder_version=\u00bb4.16&#8243; custom_padding=\u00bb|||\u00bb global_colors_info=\u00bb{}\u00bb custom_padding__hover=\u00bb|||\u00bb][et_pb_text _builder_version=\u00bb4.24.2&#8243; hover_enabled=\u00bb0&#8243; global_colors_info=\u00bb{}\u00bb sticky_enabled=\u00bb0&#8243;]<\/p>\n<h1>Pol\u00edtica de Cookies<\/h1>\n<p>Este sitio web puede utilizar cookies propias y de terceros. Las cookies son peque\u00f1os ficheros de datos que se generan en el ordenador del usuario y que nos permiten conocer la siguiente informaci\u00f3n:<\/p>\n<ul>\n<li>La fecha y la hora de la \u00faltima vez que el usuario visit\u00f3 nuestro sitio web.<\/li>\n<li>El dise\u00f1o de contenidos que el usuario escogi\u00f3 en su primera vista a nuestro sitio web.<\/li>\n<\/ul>\n<p>El usuario tiene la opci\u00f3n de impedir la generaci\u00f3n de cookies, mediante la selecci\u00f3n de la correspondiente opci\u00f3n en su programa navegador.<\/p>\n<p>Para m\u00e1s informaci\u00f3n sobre la forma de ajustar sus configuraciones de cookies en los siguientes navegadores, le remitimos al enlace pertinente:<\/p>\n<ul>\n<li>IE5 &#8211; <a href=\"http:\/\/support.microsoft.com\/kb\/196955\">http:\/\/support.microsoft.com\/kb\/196955<\/a><\/li>\n<li>IE6 &#8211; <a href=\"http:\/\/support.microsoft.com\/kb\/283185\">http:\/\/support.microsoft.com\/kb\/283185<\/a><\/li>\n<li>IE7 &#8211; <a href=\"http:\/\/www.allaboutcookies.org\/manage-cookies\/internet-explorer7-plus.html\">http:\/\/www.allaboutcookies.org\/manage-cookies\/internet-explorer7-plus.html<\/a><\/li>\n<li>IE8 IE9 IE10 IE11 &#8211; <a href=\"https:\/\/support.microsoft.com\/es-es\/help\/17442\/windows-internet-explorer-delete-manage-cookies\">https:\/\/support.microsoft.com\/es-es\/help\/17442\/windows-internet-explorer-delete-manage-cookies<\/a><\/li>\n<li>Firefox \u2013 <a href=\"http:\/\/support.mozilla.org\/en-US\/kb\/Cookies\">http:\/\/support.mozilla.org\/en-US\/kb\/Cookies<\/a><\/li>\n<li>Chrome \u2013 <a href=\"http:\/\/support.google.com\/chrome\/bin\/answer.py?hl=en&amp;answer=95647\">http:\/\/support.google.com\/chrome\/bin\/answer.py?hl=en&amp;answer=95647<\/a><\/li>\n<li>Opera \u2013 <a href=\"http:\/\/help.opera.com\/Linux\/10.60\/es-ES\/cookies.html\">http:\/\/help.opera.com\/Linux\/10.60\/es-ES\/cookies.html<\/a><\/li>\n<li>Safari \u2013 <a href=\"https:\/\/support.apple.com\/kb\/PH21411?locale=es_ES\">https:\/\/support.apple.com\/kb\/PH21411?locale=es_ES<\/a> y iOS \u2013 <a href=\"https:\/\/support.apple.com\/es-es\/HT201265\">https:\/\/support.apple.com\/es-es\/HT201265<\/a><\/li>\n<\/ul>\n<h2>Tipos de cookies<\/h2>\n<h3>Seg\u00fan la entidad que la gestiona<\/h3>\n<p>Cookies propias: son aqu\u00e9llas que se env\u00edan al equipo terminal del usuario desde un equipo o dominio gestionado por el propio editor y desde el que se presta el servicio solicitado por el usuario.<\/p>\n<p>Cookies de terceros: son aqu\u00e9llas que se env\u00edan al equipo terminal del usuario desde un equipo o dominio que no es gestionado por el editor, sino por otra entidad que trata los datos obtenidos trav\u00e9s de las cookies.<\/p>\n<h3>Seg\u00fan el plazo de tiempo que permanecen activadas en el equipo terminal<\/h3>\n<p>Cookies de sesi\u00f3n: son un tipo de cookies dise\u00f1adas para recabar y almacenar datos mientras el usuario accede a una p\u00e1gina web.<br \/>\nCookies persistentes: son un tipo de cookies en el que los datos siguen almacenados en el terminal y pueden ser accedidos y tratados durante un periodo definido por el responsable de la cookie, y que puede ir de unos minutos a varios a\u00f1os.<\/p>\n<h3>Seg\u00fan la finalidad para la que se traten los datos obtenidos a trav\u00e9s de las cookies<\/h3>\n<p>Cookies t\u00e9cnicas: son aqu\u00e9llas que permiten al usuario la navegaci\u00f3n a trav\u00e9s de una p\u00e1gina web, plataforma o aplicaci\u00f3n y la utilizaci\u00f3n de las diferentes opciones o servicios que en ella existan como, por ejemplo, controlar el tr\u00e1fico y la comunicaci\u00f3n de datos, identificar la sesi\u00f3n, acceder a partes de acceso restringido, recordar los elementos que integran un pedido, realizar el proceso de compra de un pedido, realizar la solicitud de inscripci\u00f3n o participaci\u00f3n en un evento, utilizar elementos de seguridad durante la navegaci\u00f3n, almacenar contenidos para la difusi\u00f3n de videos o sonido o compartir contenidos a trav\u00e9s de redes sociales.<br \/>\nCookies de personalizaci\u00f3n: son aqu\u00e9llas que permiten al usuario acceder al servicio con algunas caracter\u00edsticas de car\u00e1cter general predefinidas en funci\u00f3n de una serie de criterios en el terminal del usuario como por ejemplo serian el idioma, el tipo de navegador a trav\u00e9s del cual accede al servicio, la configuraci\u00f3n regional desde donde accede al servicio, etc.<br \/>\nCookies de an\u00e1lisis: son aqu\u00e9llas que permiten al responsable de las mismas, el seguimiento y an\u00e1lisis del comportamiento de los usuarios de los sitios web a los que est\u00e1n vinculadas. La informaci\u00f3n recogida mediante este tipo de cookies se utiliza en la medici\u00f3n de la actividad de los sitios web, aplicaci\u00f3n o plataforma y para la elaboraci\u00f3n de perfiles de navegaci\u00f3n de los usuarios de dichos sitios, aplicaciones y plataformas, con el fin de introducir mejoras en funci\u00f3n del an\u00e1lisis de los datos de uso que hacen los usuarios del servicio.<br \/>\nCookies publicitarias: son aqu\u00e9llas que permiten la gesti\u00f3n, de la forma m\u00e1s eficaz posible, de los espacios publicitarios que, en su caso, el editor haya incluido en una p\u00e1gina web, aplicaci\u00f3n o plataforma desde la que presta el servicio solicitado en base a criterios como el contenido editado o la frecuencia en la que se muestran los anuncio.<br \/>\nCookies de publicidad comportamental: son aqu\u00e9llas que permiten la gesti\u00f3n, de la forma m\u00e1s eficaz posible, de los espacios publicitarios que, en su caso, el editor haya incluido en una p\u00e1gina web, aplicaci\u00f3n o plataforma desde la que presta el servicio solicitado. Estas cookies almacenan informaci\u00f3n del comportamiento de los usuarios obtenida a trav\u00e9s de la observaci\u00f3n continuada de sus h\u00e1bitos de navegaci\u00f3n, lo que permite desarrollar un perfil espec\u00edfico para mostrar publicidad en funci\u00f3n del mismo.<br \/>\nEste sitio hace uso de cookies, el cual son peque\u00f1os ficheros de datos que se generan en su ordenador, este env\u00eda informaci\u00f3n sin proporcionar referencias que permitan deducir datos personales de \u00e9ste.<\/p>\n<p>Tambi\u00e9n pueden establecerse cookies de terceros (por ejemplo, al pulsar botones de redes sociales o visionar v\u00eddeos alojados en otro sitio web). No podemos acceder a los datos almacenados en esas cookies.<\/p>\n<p>Usamos cookies de \u201csesi\u00f3n\u201d, que le permiten llevar informaci\u00f3n de una p\u00e1gina a otra del portal sin tener que volver a introducirla.<\/p>\n<p>Usted podr\u00e1 configurar su navegador para que notifique y rechace la instalaci\u00f3n de las cookies enviadas por este sitio, sin que ello perjudique la posibilidad de acceder a los contenidos. Sin embargo, no nos responsabilizamos de que la desactivaci\u00f3n de los mismos impida el buen funcionamiento del sitio.<\/p>\n<h3>Cookies de terceros<\/h3>\n<ul>\n<li>1P_JAR: Cookie de Google. Para personalizar los anuncios seg\u00fan los intereses del usuario. Permanece una semana.<\/li>\n<li>CONSENT: Cookie de Google. P<span>ermite personalizar c\u00f3mo se ven anuncios fuera de Google o almacenar informaci\u00f3n como el idioma preferido a la hora de mostrar resultados de b\u00fasqueda. Permanece 20 a\u00f1os.<\/span><\/li>\n<li><span>NID: Cookie de Google. Para el recuento, por parte de Google, del n\u00famero de usuario que utilizan los mapas.. Permanece 6 meses.<\/span><\/li>\n<li><span>DV: Cookie de Google.\u00a0Es utilizada por Google para proveer servicios y extraer informaci\u00f3n an\u00f3nima sobre la navegaci\u00f3n. Permanece 24 horas.<\/span><\/li>\n<\/ul>\n<p><span>M\u00e1s informaci\u00f3n de la pol\u00edtica de cookies de Google en\u00a0<a href=\"https:\/\/policies.google.com\/technologies\/types?hl=es\">https:\/\/policies.google.com\/technologies\/types?hl=es<\/a><\/span>[\/et_pb_text][\/et_pb_column][\/et_pb_row][\/et_pb_section]<\/p>\n","protected":false},"excerpt":{"rendered":"<p>Pol\u00edtica de Cookies Este sitio web puede utilizar cookies propias y de terceros. Las cookies son peque\u00f1os ficheros de datos que se generan en el ordenador del usuario y que nos permiten conocer la siguiente informaci\u00f3n: La fecha y la hora de la \u00faltima vez que el usuario visit\u00f3 nuestro sitio web. El dise\u00f1o de contenidos que el usuario escogi\u00f3 en su primera vista a nuestro sitio web. El usuario tiene la opci\u00f3n de impedir la generaci\u00f3n de cookies, mediante la selecci\u00f3n de la correspondiente opci\u00f3n en su programa navegador. Para m\u00e1s informaci\u00f3n sobre la forma de ajustar sus configuraciones de cookies en los siguientes navegadores, le remitimos al enlace pertinente: IE5 &#8211; http:\/\/support.microsoft.com\/kb\/196955 IE6 &#8211; http:\/\/support.microsoft.com\/kb\/283185 IE7 &#8211; http:\/\/www.allaboutcookies.org\/manage-cookies\/internet-explorer7-plus.html IE8 IE9 IE10 IE11 &#8211; https:\/\/support.microsoft.com\/es-es\/help\/17442\/windows-internet-explorer-delete-manage-cookies Firefox \u2013 http:\/\/support.mozilla.org\/en-US\/kb\/Cookies Chrome \u2013 http:\/\/support.google.com\/chrome\/bin\/answer.py?hl=en&amp;answer=95647 Opera \u2013 http:\/\/help.opera.com\/Linux\/10.60\/es-ES\/cookies.html Safari \u2013 https:\/\/support.apple.com\/kb\/PH21411?locale=es_ES y iOS \u2013 https:\/\/support.apple.com\/es-es\/HT201265 Tipos de cookies Seg\u00fan la entidad que la gestiona Cookies propias: son aqu\u00e9llas que se env\u00edan al equipo terminal del usuario desde un equipo o dominio gestionado por el propio editor y desde el que se presta el servicio solicitado por el usuario. Cookies de terceros: son aqu\u00e9llas que se env\u00edan al equipo terminal del usuario desde un [&hellip;]<\/p>\n","protected":false},"author":2,"featured_media":0,"parent":0,"menu_order":0,"comment_status":"closed","ping_status":"closed","template":"","meta":{"_et_pb_use_builder":"on","_et_pb_old_content":"","_et_gb_content_width":"","footnotes":""},"class_list":["post-341","page","type-page","status-publish","hentry"],"_links":{"self":[{"href":"https:\/\/cpmtenllado.es\/main\/wp-json\/wp\/v2\/pages\/341","targetHints":{"allow":["GET"]}}],"collection":[{"href":"https:\/\/cpmtenllado.es\/main\/wp-json\/wp\/v2\/pages"}],"about":[{"href":"https:\/\/cpmtenllado.es\/main\/wp-json\/wp\/v2\/types\/page"}],"author":[{"embeddable":true,"href":"https:\/\/cpmtenllado.es\/main\/wp-json\/wp\/v2\/users\/2"}],"replies":[{"embeddable":true,"href":"https:\/\/cpmtenllado.es\/main\/wp-json\/wp\/v2\/comments?post=341"}],"version-history":[{"count":0,"href":"https:\/\/cpmtenllado.es\/main\/wp-json\/wp\/v2\/pages\/341\/revisions"}],"wp:attachment":[{"href":"https:\/\/cpmtenllado.es\/main\/wp-json\/wp\/v2\/media?parent=341"}],"curies":[{"name":"wp","href":"https:\/\/api.w.org\/{rel}","templated":true}]}}