{"id":3461,"date":"2020-05-26T11:28:21","date_gmt":"2020-05-26T09:28:21","guid":{"rendered":"https:\/\/cpmtenllado.es\/main\/?page_id=3461"},"modified":"2023-05-16T19:16:44","modified_gmt":"2023-05-16T17:16:44","slug":"viola","status":"publish","type":"page","link":"https:\/\/cpmtenllado.es\/main\/informacion-academica\/viola\/","title":{"rendered":"Viola"},"content":{"rendered":"<p>[et_pb_section fb_built=\u00bb1&#8243; fullwidth=\u00bbon\u00bb _builder_version=\u00bb4.16&#8243; global_colors_info=\u00bb{}\u00bb][et_pb_fullwidth_image src=\u00bbhttps:\/\/cpmtenllado.es\/main\/wp-content\/uploads\/img\/cabecera_nuestrocentro.jpg\u00bb show_in_lightbox=\u00bbon\u00bb _builder_version=\u00bb4.16&#8243; global_colors_info=\u00bb{}\u00bb][\/et_pb_fullwidth_image][\/et_pb_section][et_pb_section fb_built=\u00bb1&#8243; _builder_version=\u00bb4.16&#8243; global_colors_info=\u00bb{}\u00bb][et_pb_row _builder_version=\u00bb4.16&#8243; background_size=\u00bbinitial\u00bb background_position=\u00bbtop_left\u00bb background_repeat=\u00bbrepeat\u00bb global_colors_info=\u00bb{}\u00bb][et_pb_column type=\u00bb4_4&#8243; _builder_version=\u00bb4.16&#8243; custom_padding=\u00bb|||\u00bb global_colors_info=\u00bb{}\u00bb custom_padding__hover=\u00bb|||\u00bb][et_pb_text _builder_version=\u00bb4.21.0&#8243; hover_enabled=\u00bb0&#8243; global_colors_info=\u00bb{}\u00bb sticky_enabled=\u00bb0&#8243;]<\/p>\n\t\t\t<!-- Flexy Breadcrumb -->\r\n\t\t\t<div class=\"fbc fbc-page\">\r\n\r\n\t\t\t\t<!-- Breadcrumb wrapper -->\r\n\t\t\t\t<div class=\"fbc-wrap\">\r\n\r\n\t\t\t\t\t<!-- Ordered list-->\r\n\t\t\t\t\t<ol class=\"fbc-items\" itemscope itemtype=\"https:\/\/schema.org\/BreadcrumbList\">\r\n\t\t\t\t\t\t            <li itemprop=\"itemListElement\" itemscope itemtype=\"https:\/\/schema.org\/ListItem\">\r\n                <span itemprop=\"name\">\r\n                    <!-- Home Link -->\r\n                    <a itemprop=\"item\" href=\"https:\/\/cpmtenllado.es\/main\">\r\n                    \r\n                                                    <i class=\"fa none\" aria-hidden=\"true\"><\/i>Inicio                    <\/a>\r\n                <\/span>\r\n                <meta itemprop=\"position\" content=\"1\" \/><!-- Meta Position-->\r\n             <\/li><li><span class=\"fbc-separator\">><\/span><\/li><li class=\"active\" itemprop=\"itemListElement\" itemscope itemtype=\"https:\/\/schema.org\/ListItem\"><span itemprop=\"name\" title=\"Viola\">Viola<\/span><meta itemprop=\"position\" content=\"2\" \/><\/li>\t\t\t\t\t<\/ol>\r\n\t\t\t\t\t<div class=\"clearfix\"><\/div>\r\n\t\t\t\t<\/div>\r\n\t\t\t<\/div>\r\n\t\t\t\n<p>[\/et_pb_text][\/et_pb_column][\/et_pb_row][et_pb_row _builder_version=\u00bb4.16&#8243; background_size=\u00bbinitial\u00bb background_position=\u00bbtop_left\u00bb background_repeat=\u00bbrepeat\u00bb global_colors_info=\u00bb{}\u00bb][et_pb_column type=\u00bb4_4&#8243; _builder_version=\u00bb4.16&#8243; custom_padding=\u00bb|||\u00bb global_colors_info=\u00bb{}\u00bb custom_padding__hover=\u00bb|||\u00bb][et_pb_post_title _builder_version=\u00bb4.21.0&#8243; _module_preset=\u00bbdefault\u00bb meta=\u00bboff\u00bb featured_image=\u00bboff\u00bb title_font=\u00bb|700|||||||\u00bb hover_enabled=\u00bb0&#8243; sticky_enabled=\u00bb0&#8243;][\/et_pb_post_title][\/et_pb_column][\/et_pb_row][et_pb_row _builder_version=\u00bb4.16&#8243; global_colors_info=\u00bb{}\u00bb][et_pb_column type=\u00bb4_4&#8243; _builder_version=\u00bb4.16&#8243; global_colors_info=\u00bb{}\u00bb][et_pb_text _builder_version=\u00bb4.16&#8243; global_colors_info=\u00bb{}\u00bb]<\/p>\n<p><iframe loading=\"lazy\" title=\"Presentaci\u00f3n de la viola\" width=\"1080\" height=\"608\" src=\"https:\/\/www.youtube.com\/embed\/wC0a2bmWht4?feature=oembed\"  allow=\"accelerometer; autoplay; clipboard-write; encrypted-media; gyroscope; picture-in-picture\" allowfullscreen><\/iframe><\/p>\n<p>[\/et_pb_text][\/et_pb_column][\/et_pb_row][et_pb_row _builder_version=\u00bb4.16&#8243; background_size=\u00bbinitial\u00bb background_position=\u00bbtop_left\u00bb background_repeat=\u00bbrepeat\u00bb global_colors_info=\u00bb{}\u00bb][et_pb_column type=\u00bb4_4&#8243; _builder_version=\u00bb4.16&#8243; custom_padding=\u00bb|||\u00bb global_colors_info=\u00bb{}\u00bb custom_padding__hover=\u00bb|||\u00bb][et_pb_text _builder_version=\u00bb4.21.0&#8243; global_colors_info=\u00bb{}\u00bb]<\/p>\n<p>La viola es el instrumento mediano de la familia de la cuerda frotada (no confundir con el instrumento de m\u00fasica antigua <a href=\"https:\/\/cpmtenllado.es\/main\/informacion-academica\/gamba\/\" target=\"_blank\" rel=\"noopener\">Viola da Gamba<\/a>), situada entre el viol\u00edn y el violonchelo. Al igual que el viol\u00edn, posee cuatro cuerdas y se toca con un arco. Sin embargo, lo que la diferencia de este es su sonoridad m\u00e1s dulce y aterciopelada, que se mueve dentro de un registro intermedio muy parecido al de la voz humana.<br \/>Posee tres cuerdas iguales que el viol\u00edn y una cuarta cuerda m\u00e1s grave. Su sonido se caracteriza por la calidez. Se toca con una almohadilla sobre la que se apoya el instrumento en el cuello y, al igual que el viol\u00edn, puedes estar de pie cuando act\u00faas como solista y sentado cuando lo haces dentro de un grupo.<br \/>Dentro de la orquesta sinf\u00f3nica, la secci\u00f3n de violas ocupa el espacio central en el escenario y alterna un papel de solista, tocando la melod\u00eda principal, y tambi\u00e9n acompa\u00f1ando al resto de instrumentos. Han sido muchos los compositores que han llevado a la viola a un virtuosismo extremo como es el caso de Paganini con su <a href=\"https:\/\/youtu.be\/Yyq-_Vn6xro\" target=\"_blank\" rel=\"noopener noreferrer\"><em>Sonata op. 35 para la Gran Viola y Orquesta<\/em><\/a>. Es por lo tanto, un instrumento vers\u00e1til que adopta diferentes papeles dentro de la orquesta sinf\u00f3nica.<br \/>Con la viola se puede tocar, adem\u00e1s de piezas cl\u00e1sicas, m\u00fasica popular, jazz, flamenco y otros estilos y lo mejor de este instrumento es poder hacer m\u00fasica en grupo.<\/p>\n<p><a href=\"https:\/\/cpmtenllado.es\/main\/wp-content\/uploads\/docacad\/prog\/cuer\/p_va.pdf\" rel=\"attachment wp-att-573\">Programaci\u00f3n de Viola<\/a><\/p>\n<p>[\/et_pb_text][\/et_pb_column][\/et_pb_row][\/et_pb_section]<\/p>\n","protected":false},"excerpt":{"rendered":"<p>Informaci\u00f3n sobre la especialidad de Viola.<\/p>\n","protected":false},"author":2,"featured_media":0,"parent":135,"menu_order":0,"comment_status":"closed","ping_status":"closed","template":"","meta":{"_et_pb_use_builder":"on","_et_pb_old_content":"","_et_gb_content_width":"","footnotes":""},"class_list":["post-3461","page","type-page","status-publish","hentry"],"_links":{"self":[{"href":"https:\/\/cpmtenllado.es\/main\/wp-json\/wp\/v2\/pages\/3461","targetHints":{"allow":["GET"]}}],"collection":[{"href":"https:\/\/cpmtenllado.es\/main\/wp-json\/wp\/v2\/pages"}],"about":[{"href":"https:\/\/cpmtenllado.es\/main\/wp-json\/wp\/v2\/types\/page"}],"author":[{"embeddable":true,"href":"https:\/\/cpmtenllado.es\/main\/wp-json\/wp\/v2\/users\/2"}],"replies":[{"embeddable":true,"href":"https:\/\/cpmtenllado.es\/main\/wp-json\/wp\/v2\/comments?post=3461"}],"version-history":[{"count":0,"href":"https:\/\/cpmtenllado.es\/main\/wp-json\/wp\/v2\/pages\/3461\/revisions"}],"up":[{"embeddable":true,"href":"https:\/\/cpmtenllado.es\/main\/wp-json\/wp\/v2\/pages\/135"}],"wp:attachment":[{"href":"https:\/\/cpmtenllado.es\/main\/wp-json\/wp\/v2\/media?parent=3461"}],"curies":[{"name":"wp","href":"https:\/\/api.w.org\/{rel}","templated":true}]}}