{"id":376,"date":"2018-12-14T12:09:13","date_gmt":"2018-12-14T11:09:13","guid":{"rendered":"http:\/\/cpmtenllado.es\/main\/?page_id=376"},"modified":"2024-03-10T13:19:40","modified_gmt":"2024-03-10T12:19:40","slug":"politica-de-privacidad","status":"publish","type":"page","link":"https:\/\/cpmtenllado.es\/main\/politica-de-privacidad\/","title":{"rendered":"Pol\u00edtica de privacidad"},"content":{"rendered":"<p>[et_pb_section fb_built=\u00bb1&#8243; fullwidth=\u00bbon\u00bb _builder_version=\u00bb4.16&#8243; global_colors_info=\u00bb{}\u00bb][et_pb_fullwidth_image src=\u00bbhttps:\/\/cpmtenllado.es\/main\/wp-content\/uploads\/img\/cabecera_nuestrocentro.jpg\u00bb show_in_lightbox=\u00bbon\u00bb _builder_version=\u00bb4.16&#8243; global_colors_info=\u00bb{}\u00bb]<\/p>\n<p>INTRODUCCI\u00d3N.<br \/>El Conservatorio Gonzalo Mart\u00edn Tenllado, en adelante CPMGMT, recopila, trata y almacena informaci\u00f3n personal a trav\u00e9s de la web de su propiedad cpmtenllado.es.<\/p>\n<p>Esta informaci\u00f3n ser\u00e1 relativa a los usuarios de la web. La informaci\u00f3n se recopilar\u00e1, tratara y almacenar\u00e1 conforme a la presente Pol\u00edtica de Privacidad.<\/p>\n<p>Esta Pol\u00edtica de Privacidad fue actualizada el 19\/12\/2018.<\/p>\n<p>RESPONSABLE LEGAL<br \/>Denominaci\u00f3n comercial: AAA<br \/>Denominaci\u00f3n social: BBB<br \/>Identificador fiscal: JJJ<br \/>Domicilio: III<br \/>E-mail de contacto: HHH<\/p>\n<p>LEYES DE APLICACI\u00d3N EN ESTA WEB<br \/>RGPD (Reglamento (UE) 2016\/679 del Parlamento Europeo y del Consejo de 27 de abril de 2016 relativo a la protecci\u00f3n de las personas f\u00edsicas)<br \/>LOPD (Ley Org\u00e1nica 15\/1999, de 13 de diciembre, de Protecci\u00f3n de Datos de Car\u00e1cter Personal y Real Decreto 1720\/2007, de 21 de diciembre, Reglamento de desarrollo de la LOPD)<br \/>LSSI (Ley 34\/2002, de 11 de julio, de Servicios de la Sociedad de la Informaci\u00f3n y Comercio Electr\u00f3nico)<br \/>DATOS RECOPILADOS<br \/>\u00danicamente se recopilar\u00e1n los datos estrictamente necesarios para llevar a cabo la normal actividad del servicio. Ajust\u00e1ndose al principio de minimizaci\u00f3n de datos (Art.5.b GDPR).<br \/>Los datos recopilados ser\u00e1n en todo caso de mayores de 16 a\u00f1os (Art. 8.1 GDPR). AAA se reserva el derecho a tomar las medidas oportunas para comprobar la veracidad de la edad (Art. 8.2 GDPR).<br \/>En todo caso estos datos ser\u00e1n de car\u00e1cter personal identificativos y no sensibles, podr\u00e1n ser:<\/p>\n<p>Correo electr\u00f3nico<br \/>Tel\u00e9fono<br \/>Nombre y apellidos<br \/>DNI<br \/>Direcci\u00f3n<br \/>CCC<br \/>M\u00c9TODOS DE RECOPILACI\u00d3N.<br \/>Los datos personales se recopilar\u00e1n a trav\u00e9s de la web de AAA, MMM, cuando introduzcas informaci\u00f3n en alguno de los campos destinados a tal efecto en la web. Estos campos est\u00e1n debidamente se\u00f1alizados y no recopilar\u00e1n ning\u00fan dato hasta que no aceptes expresamente la cesi\u00f3n y gesti\u00f3n conforme a esta pol\u00edtica de privacidad.<\/p>\n<p>OBJETIVO DE LA RECOPILACI\u00d3N Y USO DE LOS DATOS.<br \/>La recopilaci\u00f3n y uso de datos se realiza con el \u00fanico objetivo de DDD.<\/p>\n<p>AAA se compromete a no utilizar los datos obtenidos con una finalidad distinta a esta.<\/p>\n<p>DESTINATARIO DE LOS DATOS.<br \/>Los datos recopilados se incorporar\u00e1n a un fichero propiedad de:<\/p>\n<p>AAA<br \/>Este fichero ser\u00e1 gestionado por:<\/p>\n<p>EEE<br \/>Este fichero se almacenar\u00e1 en:<\/p>\n<p>KKK Con domicilio en LLL<br \/>PLAZO DE CONSERVACI\u00d3N DE LOS DATOS.<br \/>Los datos se conservar\u00e1n hasta que se cumpla el objetivo por el cual se recopilaron estos datos (Art.5.e. GDPR) o hasta que se ejerza el derecho a la supresi\u00f3n o modificaci\u00f3n de los mismos. Siempre y cuando esto no entre en conflicto con la necesidad por motivos legales o fiscales de almacenar los mismos.<\/p>\n<p>\u00bfC\u00d3MO PROTEGEMOS SUS DATOS?<br \/>Sus datos se transfieren y almacenan de forma segura ya que disponemos de:<\/p>\n<p>FFF \u2013 Cifrado con protocolo SSL.<br \/>FFF \u2013 Firewall a nivel de servidor.<br \/>FFF \u2013 Protocolos de seguridad para prevenir accesos no autorizados.<br \/>FFF \u2013 Control de accesos.<br \/>FFF \u2013 Almacenamiento encriptado.<\/p>\n<p>AAA no puede garantizar la completa seguridad en las comunicaciones a trav\u00e9s de Internet pero garantizamos tomar las medidas adecuadas para proteger sus datos.<\/p>\n<p>Adem\u00e1s AAA se compromete a mantener la confidencialidad de los datos y no comunicar\u00e1 ni permitir\u00e1 el acceso a terceros no autorizados.<\/p>\n<p>TUS DERECHOS EN CUANTO A PROTECCI\u00d3N DE DATOS<br \/>La legislaci\u00f3n le reconoce unos derechos como usuario que ha cedido sus datos personales:<\/p>\n<p>Acceso a los datos personales.<br \/>Rectificaci\u00f3n o supresi\u00f3n.<br \/>Oponerse al tratamiento.<br \/>Portabilidad de los datos.<br \/>Limitaci\u00f3n de su tratamiento.<br \/>El ejercicio de estos derechos es personal. Por lo que solo puedes solicitarlos para los datos de los cuales eres el propietario.<br \/>En el caso de que quieras ejercer alguno de estos derechos puedes hacerlos a online trav\u00e9s de GGG, mediante un mail dirigido a HHH o mediante carta dirigida a AAA direcci\u00f3n III indicando los derechos que se quieren ejercer y una prueba de identidad.<\/p>\n<p>Nos comprometemos a responder a tu solicitud en un plazo m\u00e1ximo de 30 d\u00edas h\u00e1biles.<\/p>\n<p>LEGITIMACI\u00d3N PARA EL TRATAMIENTO DE DATOS<br \/>La base legal para el tratamiento de tus datos personales es la aceptaci\u00f3n expl\u00edcita del tratamiento, gesti\u00f3n y almacenamiento de los mismos seg\u00fan la presente pol\u00edtica de privacidad.<\/p>\n<p>CONSECUENCIAS DE NO ACEPTAR LA POL\u00cdTICA DE PRIVACIDAD<br \/>En el caso de que no aceptes la gesti\u00f3n de tus datos seg\u00fan la presente pol\u00edtica de privacidad, no se proceder\u00e1 a la recopilaci\u00f3n de los mismos, lo que puede suponer que no se pueda llevar a cabo el servicio prestado por AAA.<\/p>\n<p>AUTORIDAD DE PROTECCI\u00d3N DE DATOS EN ESPA\u00d1A<br \/>En el caso de que quieras hacer valer tus derechos en cuanto a protecci\u00f3n de datos y consideras que no los estamos respetando puedes dirigirte a la autoridad espa\u00f1ola responsable.<\/p>\n<p>\u2013 Sitio web de la autoridad de protecci\u00f3n de datos:<br \/>https:\/\/www.agpd.es\/<\/p>\n<p>\u2013 E-mail de la autoridad de protecci\u00f3n de datos:<br \/>internacional@agpd.es<\/p>\n<p>\u2013 Tel\u00e9fono de la autoridad de protecci\u00f3n de datos:<br \/>+34 91399 6200<\/p>\n<p>CAMBIOS EN LA POL\u00cdTICA DE PRIVACIDAD<br \/>AAA se reserva el derecho a modificar la presente Pol\u00edtica de Privacidad, estas modificaciones se har\u00e1n conforme a la legislaci\u00f3n y la jurisprudencia y quedaran reflejadas en la presente Pol\u00edtica de Privacidad.<\/p>\n<p>[\/et_pb_fullwidth_image][\/et_pb_section][et_pb_section fb_built=\u00bb1&#8243; _builder_version=\u00bb4.16&#8243; custom_padding=\u00bb54px|0px|3px|0px|false|false\u00bb global_colors_info=\u00bb{}\u00bb][et_pb_row _builder_version=\u00bb4.16&#8243; background_size=\u00bbinitial\u00bb background_position=\u00bbtop_left\u00bb background_repeat=\u00bbrepeat\u00bb custom_padding=\u00bb27px|0px|0|0px|false|false\u00bb global_colors_info=\u00bb{}\u00bb][et_pb_column type=\u00bb4_4&#8243; _builder_version=\u00bb4.16&#8243; custom_padding=\u00bb|||\u00bb global_colors_info=\u00bb{}\u00bb custom_padding__hover=\u00bb|||\u00bb][et_pb_post_title _builder_version=\u00bb4.24.2&#8243; _module_preset=\u00bbdefault\u00bb hover_enabled=\u00bb0&#8243; sticky_enabled=\u00bb0&#8243; meta=\u00bboff\u00bb featured_image=\u00bboff\u00bb][\/et_pb_post_title][\/et_pb_column][\/et_pb_row][\/et_pb_section][et_pb_section fb_built=\u00bb1&#8243; _builder_version=\u00bb4.16&#8243; custom_padding=\u00bb0|0px|54px|0px|false|false\u00bb global_colors_info=\u00bb{}\u00bb][et_pb_row _builder_version=\u00bb4.16&#8243; custom_padding=\u00bb3px|0px|0|0px|false|false\u00bb global_colors_info=\u00bb{}\u00bb][et_pb_column type=\u00bb4_4&#8243; _builder_version=\u00bb4.16&#8243; custom_padding=\u00bb|||\u00bb global_colors_info=\u00bb{}\u00bb custom_padding__hover=\u00bb|||\u00bb][et_pb_text _builder_version=\u00bb4.24.2&#8243; hover_enabled=\u00bb0&#8243; global_colors_info=\u00bb{}\u00bb sticky_enabled=\u00bb0&#8243;]<\/p>\n<h2>Introducci\u00f3n<\/h2>\n<p>El Conservatorio Profesional de M\u00fasica Gonzalo Mart\u00edn Tenllado, en adelante CPMGMT, recopila, trata y almacena informaci\u00f3n personal a trav\u00e9s de la web de su propiedad, cpmtenllado.es.<\/p>\n<p>Esta informaci\u00f3n ser\u00e1 relativa a los usuarios de la web. La informaci\u00f3n se recopilar\u00e1, tratara y almacenar\u00e1 conforme a la presente Pol\u00edtica de Privacidad.<\/p>\n<p>Esta Pol\u00edtica de Privacidad fue actualizada el 20\/03\/2018.<\/p>\n<h2>Responsable legal<\/h2>\n<p>Conservatorio Profesional de M\u00fasica Gonzalo Mart\u00edn Tenllado<br \/>\nNIF: S4111001F<br \/>\nDomicilio: Glorieta 11 de marzo, 2, 29004, M\u00e1laga<br \/>\nE-mail de contacto: info@cpmtenllado.es<\/p>\n<h2>Leyes de aplicaci\u00f3n en esta web<\/h2>\n<ul>\n<li>RGPD (Reglamento (UE) 2016\/679 del Parlamento Europeo y del Consejo de 27 de abril de 2016 relativo a la protecci\u00f3n de las personas f\u00edsicas)<\/li>\n<li>LOPD (Ley Org\u00e1nica 15\/1999, de 13 de diciembre, de Protecci\u00f3n de Datos de Car\u00e1cter Personal y Real Decreto 1720\/2007, de 21 de diciembre, Reglamento de desarrollo de la LOPD)<\/li>\n<li>LSSI (Ley 34\/2002, de 11 de julio, de Servicios de la Sociedad de la Informaci\u00f3n y Comercio Electr\u00f3nico)<\/li>\n<\/ul>\n<h2>Datos recopilados<\/h2>\n<p>\u00danicamente se recopilar\u00e1n los datos estrictamente necesarios para llevar a cabo la gesti\u00f3n de los espacios del CPMGMT y la cita previa para la entrega de t\u00edtulos, por lo que se ajusta al principio de minimizaci\u00f3n de datos (Art.5.b GDPR).<\/p>\n<p>En todo caso estos datos ser\u00e1n de car\u00e1cter personal identificativos y no sensibles.<\/p>\n<h2>M\u00e9todo de recopilaci\u00f3n<\/h2>\n<p>Los datos personales se recopilar\u00e1n a trav\u00e9s de la web cuando introduzcas informaci\u00f3n en alguno de los campos destinados a tal efecto. Estos campos est\u00e1n debidamente se\u00f1alizados y no recopilar\u00e1n ning\u00fan dato mientras no acepte expresamente la cesi\u00f3n y gesti\u00f3n conforme a esta pol\u00edtica de privacidad.<\/p>\n<h2>Objetivo de la recopilaci\u00f3n y uso de datos<\/h2>\n<ul>\n<li>Atender a las peticiones de cesi\u00f3n de los espacios del CPMGMT.<\/li>\n<li>Gestionar la cita previa de entrega de t\u00edtulos.<\/li>\n<\/ul>\n<p>CPMGMT se compromete a no utilizar los datos obtenidos con una finalidad distinta a esta.<\/p>\n<h2>Destinatario de los datos<\/h2>\n<p>Los datos recopilados se incorporar\u00e1n a una base de datos propiedad de CPMGMT.<\/p>\n<h2>Plazo de conservaci\u00f3n de los datos<\/h2>\n<p>Los datos se conservar\u00e1n hasta que se cumpla el objetivo por el cual se recopilaron estos datos (Art.5.e. GDPR) o hasta que se ejerza el derecho a la supresi\u00f3n o modificaci\u00f3n de los mismos, siempre y cuando esto no entre en conflicto con la necesidad por motivos legales o fiscales de almacenar los mismos.<\/p>\n<h2>\u00bfC\u00f3mo protegemos sus datos?<\/h2>\n<p>Sus datos se transfieren y almacenan de forma segura ya que disponemos de:<\/p>\n<p>\u2013 Cifrado con protocolo SSL.<br \/>\n\u2013 Firewall a nivel de servidor.<br \/>\n\u2013 Control de accesos.<\/p>\n<p>CPMGMT no puede garantizar la completa seguridad en las comunicaciones a trav\u00e9s de Internet pero garantizamos tomar las medidas adecuadas para proteger sus datos.<\/p>\n<p>Adem\u00e1s CPMGMT se compromete a mantener la confidencialidad de los datos y no comunicar\u00e1 ni permitir\u00e1 el acceso a terceros no autorizados, excepto aquellos necesarios para la prestaci\u00f3n del servicio solicitado.<\/p>\n<h2>Sus derechos en cuanto a la protecci\u00f3n de datos<\/h2>\n<p>La legislaci\u00f3n le reconoce unos derechos como usuario que ha cedido sus datos personales:<\/p>\n<ul>\n<li>Acceso a los datos personales.<\/li>\n<li>Rectificaci\u00f3n o supresi\u00f3n.<\/li>\n<li>Oponerse al tratamiento.<\/li>\n<li>Portabilidad de los datos.<\/li>\n<li>Limitaci\u00f3n de su tratamiento.<\/li>\n<\/ul>\n<p>El ejercicio de estos derechos es personal, por lo que solo puede solicitarlos para los datos de los cuales es propietario.<br \/>\nEn el caso de que quiera ejercer alguno de estos derechos puede hacerlo online mediante un correo electr\u00f3nico dirigido a <a href=\"mailto:info@cpmtenllado.es\">info@cpmtenllado.es<\/a> o mediante carta dirigida a los datos indicados en la introducci\u00f3n indicando los derechos que se quieren ejercer y una prueba de identidad.<\/p>\n<h2>Legitimaci\u00f3n para el tratamiento de datos<\/h2>\n<p><span style=\"font-size: 14px;\">La base legal para el tratamiento de sus datos personales es la aceptaci\u00f3n expl\u00edcita del tratamiento, gesti\u00f3n y almacenamiento de los mismos seg\u00fan la presente pol\u00edtica de privacidad.<\/span><\/p>\n<h2>Consecuencias de no aceptar la pol\u00edtica de privacidad<\/h2>\n<p>En el caso de que no acepte la gesti\u00f3n de sus datos seg\u00fan la presente pol\u00edtica de privacidad, no se proceder\u00e1 a la recopilaci\u00f3n de los mismos, lo que impedir\u00e1 llevar a cabo el servicio prestado por CPMGMT.<\/p>\n<h2>Autoridad de protecci\u00f3n de datos de Espa\u00f1a<\/h2>\n<p>En el caso de que quiera hacer valer sus derechos en cuanto a protecci\u00f3n de datos y considere que no los estamos respetando puede dirigirse a la autoridad espa\u00f1ola responsable.<\/p>\n<p>\u2013 Sitio web de la autoridad de protecci\u00f3n de datos:<br \/>\n<a href=\"https:\/\/www.agpd.es\/\">https:\/\/www.agpd.es\/<\/a><\/p>\n<p>\u2013 Correo electr\u00f3nico de la autoridad de protecci\u00f3n de datos:<br \/>\n<a href=\"mailto:internacional@agpd.es\">internacional@agpd.es<\/a><\/p>\n<p>\u2013 Tel\u00e9fono de la autoridad de protecci\u00f3n de datos:<br \/>\n+34 91399 6200<\/p>\n<h2>Cambios en la pol\u00edtica de privacidad<\/h2>\n<p>CPMGMT se reserva el derecho a modificar la presente Pol\u00edtica de Privacidad, estas modificaciones se har\u00e1n conforme a la legislaci\u00f3n y la jurisprudencia y quedar\u00e1n reflejadas en la presente Pol\u00edtica de Privacidad.[\/et_pb_text][\/et_pb_column][\/et_pb_row][\/et_pb_section]<\/p>\n","protected":false},"excerpt":{"rendered":"<p>INTRODUCCI\u00d3N.El Conservatorio Gonzalo Mart\u00edn Tenllado, en adelante CPMGMT, recopila, trata y almacena informaci\u00f3n personal a trav\u00e9s de la web de su propiedad cpmtenllado.es. Esta informaci\u00f3n ser\u00e1 relativa a los usuarios de la web. La informaci\u00f3n se recopilar\u00e1, tratara y almacenar\u00e1 conforme a la presente Pol\u00edtica de Privacidad. Esta Pol\u00edtica de Privacidad fue actualizada el 19\/12\/2018. RESPONSABLE LEGALDenominaci\u00f3n comercial: AAADenominaci\u00f3n social: BBBIdentificador fiscal: JJJDomicilio: IIIE-mail de contacto: HHH LEYES DE APLICACI\u00d3N EN ESTA WEBRGPD (Reglamento (UE) 2016\/679 del Parlamento Europeo y del Consejo de 27 de abril de 2016 relativo a la protecci\u00f3n de las personas f\u00edsicas)LOPD (Ley Org\u00e1nica 15\/1999, de 13 de diciembre, de Protecci\u00f3n de Datos de Car\u00e1cter Personal y Real Decreto 1720\/2007, de 21 de diciembre, Reglamento de desarrollo de la LOPD)LSSI (Ley 34\/2002, de 11 de julio, de Servicios de la Sociedad de la Informaci\u00f3n y Comercio Electr\u00f3nico)DATOS RECOPILADOS\u00danicamente se recopilar\u00e1n los datos estrictamente necesarios para llevar a cabo la normal actividad del servicio. Ajust\u00e1ndose al principio de minimizaci\u00f3n de datos (Art.5.b GDPR).Los datos recopilados ser\u00e1n en todo caso de mayores de 16 a\u00f1os (Art. 8.1 GDPR). AAA se reserva el derecho a tomar las medidas oportunas para comprobar la veracidad de la edad (Art. 8.2 GDPR).En [&hellip;]<\/p>\n","protected":false},"author":2,"featured_media":0,"parent":0,"menu_order":0,"comment_status":"closed","ping_status":"closed","template":"","meta":{"_et_pb_use_builder":"on","_et_pb_old_content":"","_et_gb_content_width":"","footnotes":""},"class_list":["post-376","page","type-page","status-publish","hentry"],"_links":{"self":[{"href":"https:\/\/cpmtenllado.es\/main\/wp-json\/wp\/v2\/pages\/376","targetHints":{"allow":["GET"]}}],"collection":[{"href":"https:\/\/cpmtenllado.es\/main\/wp-json\/wp\/v2\/pages"}],"about":[{"href":"https:\/\/cpmtenllado.es\/main\/wp-json\/wp\/v2\/types\/page"}],"author":[{"embeddable":true,"href":"https:\/\/cpmtenllado.es\/main\/wp-json\/wp\/v2\/users\/2"}],"replies":[{"embeddable":true,"href":"https:\/\/cpmtenllado.es\/main\/wp-json\/wp\/v2\/comments?post=376"}],"version-history":[{"count":0,"href":"https:\/\/cpmtenllado.es\/main\/wp-json\/wp\/v2\/pages\/376\/revisions"}],"wp:attachment":[{"href":"https:\/\/cpmtenllado.es\/main\/wp-json\/wp\/v2\/media?parent=376"}],"curies":[{"name":"wp","href":"https:\/\/api.w.org\/{rel}","templated":true}]}}