{"id":378,"date":"2018-12-14T12:09:45","date_gmt":"2018-12-14T11:09:45","guid":{"rendered":"http:\/\/cpmtenllado.es\/main\/?page_id=378"},"modified":"2024-03-10T13:25:40","modified_gmt":"2024-03-10T12:25:40","slug":"aviso-legal","status":"publish","type":"page","link":"https:\/\/cpmtenllado.es\/main\/aviso-legal\/","title":{"rendered":"Aviso Legal"},"content":{"rendered":"<p>[et_pb_section fb_built=\u00bb1&#8243; fullwidth=\u00bbon\u00bb _builder_version=\u00bb4.16&#8243; global_colors_info=\u00bb{}\u00bb][et_pb_fullwidth_image src=\u00bbhttps:\/\/cpmtenllado.es\/main\/wp-content\/uploads\/img\/cabecera_nuestrocentro.jpg\u00bb show_in_lightbox=\u00bbon\u00bb _builder_version=\u00bb4.16&#8243; global_colors_info=\u00bb{}\u00bb][\/et_pb_fullwidth_image][\/et_pb_section][et_pb_section fb_built=\u00bb1&#8243; _builder_version=\u00bb4.16&#8243; global_colors_info=\u00bb{}\u00bb][et_pb_row _builder_version=\u00bb4.16&#8243; background_size=\u00bbinitial\u00bb background_position=\u00bbtop_left\u00bb background_repeat=\u00bbrepeat\u00bb custom_padding=\u00bb27px|0px|0|0px|false|false\u00bb global_colors_info=\u00bb{}\u00bb][et_pb_column type=\u00bb4_4&#8243; _builder_version=\u00bb4.16&#8243; custom_padding=\u00bb|||\u00bb global_colors_info=\u00bb{}\u00bb custom_padding__hover=\u00bb|||\u00bb][et_pb_post_title _builder_version=\u00bb4.24.2&#8243; _module_preset=\u00bbdefault\u00bb hover_enabled=\u00bb0&#8243; sticky_enabled=\u00bb0&#8243; meta=\u00bboff\u00bb featured_image=\u00bboff\u00bb][\/et_pb_post_title][\/et_pb_column][\/et_pb_row][et_pb_row _builder_version=\u00bb4.16&#8243; custom_padding=\u00bb0|0px|0|0px|false|false\u00bb global_colors_info=\u00bb{}\u00bb][et_pb_column type=\u00bb4_4&#8243; _builder_version=\u00bb4.16&#8243; custom_padding=\u00bb|||\u00bb global_colors_info=\u00bb{}\u00bb custom_padding__hover=\u00bb|||\u00bb][et_pb_text _builder_version=\u00bb4.24.2&#8243; hover_enabled=\u00bb0&#8243; global_colors_info=\u00bb{}\u00bb sticky_enabled=\u00bb0&#8243;]<\/p>\n<h2>Titular<\/h2>\n<p>El titular de este portal es el Conservatorio Profesional de M\u00fasica Gonzalo Mart\u00edn Tenllado (CPMGMT), con NIF S4111001F, domicilio en la Glorieta 11 de marzo, 2, 29004, M\u00e1laga, y tel\u00e9fono 951 298 372.<\/p>\n<h2>Responsabilidad<\/h2>\n<p>El CPMGMT no se hace responsable de la legalidad de otros sitios web de terceros desde los que pueda accederse al portal. El CPMGMT tampoco responde por la legalidad de otros sitios web de terceros, que pudieran estar vinculados o enlazados desde este portal. El CPMGMT se reserva el derecho a realizar cambios en el sitio web sin previo aviso, al objeto de mantener actualizada su informaci\u00f3n, a\u00f1adiendo, modificando, corrigiendo o eliminando\u00a0 los contenidos publicados o el dise\u00f1o del portal. El CPMGMT no ser\u00e1 responsable del uso que terceros hagan de la informaci\u00f3n publicada en el portal, ni tampoco de los da\u00f1os sufridos o p\u00e9rdidas econ\u00f3micas que, de forma directa o indirecta, produzcan o puedan producir perjuicios econ\u00f3micos, materiales o sobre datos, provocados por el uso de dicha informaci\u00f3n.<\/p>\n<h2>Reproducci\u00f3n de contenidos<\/h2>\n<p>Se permite la reproducci\u00f3n total o parcial de los contenidos publicados en el portal, siempre que se cite como fuente al CPMGMT, seg\u00fan lo previsto en el Real Decreto 1495\/2011, de 24 de octubre, de desarrollo de la Ley 37\/2007, sobre reutilizaci\u00f3n de la informaci\u00f3n del sector p\u00fablico.<\/p>\n<h2>Ley aplicable<\/h2>\n<p>La ley aplicable en caso de disputa o conflicto de interpretaci\u00f3n de los t\u00e9rminos que conforman este aviso legal, as\u00ed como cualquier cuesti\u00f3n relacionada con los servicios del presente portal, ser\u00e1 la ley espa\u00f1ola.[\/et_pb_text][\/et_pb_column][\/et_pb_row][\/et_pb_section]<\/p>\n","protected":false},"excerpt":{"rendered":"<p>Titular El titular de este portal es el Conservatorio Profesional de M\u00fasica Gonzalo Mart\u00edn Tenllado (CPMGMT), con NIF S4111001F, domicilio en la Glorieta 11 de marzo, 2, 29004, M\u00e1laga, y tel\u00e9fono 951 298 372. Responsabilidad El CPMGMT no se hace responsable de la legalidad de otros sitios web de terceros desde los que pueda accederse al portal. El CPMGMT tampoco responde por la legalidad de otros sitios web de terceros, que pudieran estar vinculados o enlazados desde este portal. El CPMGMT se reserva el derecho a realizar cambios en el sitio web sin previo aviso, al objeto de mantener actualizada su informaci\u00f3n, a\u00f1adiendo, modificando, corrigiendo o eliminando\u00a0 los contenidos publicados o el dise\u00f1o del portal. El CPMGMT no ser\u00e1 responsable del uso que terceros hagan de la informaci\u00f3n publicada en el portal, ni tampoco de los da\u00f1os sufridos o p\u00e9rdidas econ\u00f3micas que, de forma directa o indirecta, produzcan o puedan producir perjuicios econ\u00f3micos, materiales o sobre datos, provocados por el uso de dicha informaci\u00f3n. Reproducci\u00f3n de contenidos Se permite la reproducci\u00f3n total o parcial de los contenidos publicados en el portal, siempre que se cite como fuente al CPMGMT, seg\u00fan lo previsto en el Real Decreto 1495\/2011, de 24 de [&hellip;]<\/p>\n","protected":false},"author":2,"featured_media":0,"parent":0,"menu_order":0,"comment_status":"closed","ping_status":"closed","template":"","meta":{"_et_pb_use_builder":"on","_et_pb_old_content":"","_et_gb_content_width":"","footnotes":""},"class_list":["post-378","page","type-page","status-publish","hentry"],"_links":{"self":[{"href":"https:\/\/cpmtenllado.es\/main\/wp-json\/wp\/v2\/pages\/378","targetHints":{"allow":["GET"]}}],"collection":[{"href":"https:\/\/cpmtenllado.es\/main\/wp-json\/wp\/v2\/pages"}],"about":[{"href":"https:\/\/cpmtenllado.es\/main\/wp-json\/wp\/v2\/types\/page"}],"author":[{"embeddable":true,"href":"https:\/\/cpmtenllado.es\/main\/wp-json\/wp\/v2\/users\/2"}],"replies":[{"embeddable":true,"href":"https:\/\/cpmtenllado.es\/main\/wp-json\/wp\/v2\/comments?post=378"}],"version-history":[{"count":0,"href":"https:\/\/cpmtenllado.es\/main\/wp-json\/wp\/v2\/pages\/378\/revisions"}],"wp:attachment":[{"href":"https:\/\/cpmtenllado.es\/main\/wp-json\/wp\/v2\/media?parent=378"}],"curies":[{"name":"wp","href":"https:\/\/api.w.org\/{rel}","templated":true}]}}