{"id":3992,"date":"2021-01-14T10:57:53","date_gmt":"2021-01-14T09:57:53","guid":{"rendered":"https:\/\/cpmtenllado.es\/main\/?page_id=3992"},"modified":"2026-04-08T11:46:55","modified_gmt":"2026-04-08T09:46:55","slug":"informacion-administrativa","status":"publish","type":"page","link":"https:\/\/cpmtenllado.es\/main\/informacion-administrativa\/","title":{"rendered":"Informaci\u00f3n administrativa"},"content":{"rendered":"<p>[et_pb_section fb_built=\u00bb1&#8243; fullwidth=\u00bbon\u00bb _builder_version=\u00bb4.16&#8243; global_colors_info=\u00bb{}\u00bb][et_pb_fullwidth_image src=\u00bbhttps:\/\/cpmtenllado.es\/main\/wp-content\/uploads\/img\/cabecera_nuestrocentro.jpg\u00bb show_in_lightbox=\u00bbon\u00bb _builder_version=\u00bb4.16&#8243; global_colors_info=\u00bb{}\u00bb][\/et_pb_fullwidth_image][\/et_pb_section][et_pb_section fb_built=\u00bb1&#8243; _builder_version=\u00bb4.16&#8243; global_colors_info=\u00bb{}\u00bb][et_pb_row _builder_version=\u00bb4.16&#8243; background_size=\u00bbinitial\u00bb background_position=\u00bbtop_left\u00bb background_repeat=\u00bbrepeat\u00bb global_colors_info=\u00bb{}\u00bb][et_pb_column type=\u00bb4_4&#8243; _builder_version=\u00bb4.16&#8243; custom_padding=\u00bb|||\u00bb global_colors_info=\u00bb{}\u00bb custom_padding__hover=\u00bb|||\u00bb][et_pb_post_title meta=\u00bboff\u00bb featured_image=\u00bboff\u00bb _builder_version=\u00bb4.19.5&#8243; _module_preset=\u00bbdefault\u00bb title_font=\u00bb|800|||||||\u00bb title_text_align=\u00bbleft\u00bb global_colors_info=\u00bb{}\u00bb][\/et_pb_post_title][et_pb_text _builder_version=\u00bb4.27.5&#8243; hover_enabled=\u00bb0&#8243; global_colors_info=\u00bb{}\u00bb sticky_enabled=\u00bb0&#8243;]<\/p>\n<p>La atenci\u00f3n al p\u00fablico ser\u00e1 preferentemente por correo electr\u00f3nico.<\/p>\n<p>La mayor\u00eda de los tr\u00e1mites pueden ser realizados a trav\u00e9s de la <a href=\"https:\/\/www.juntadeandalucia.es\/educacion\/secretariavirtual\/\">Secretar\u00eda Virtual de los centros docentes andaluces<\/a>, como por ejemplo, la <a href=\"https:\/\/cpmtenllado.es\/main\/titulos\/\">solicitud de t\u00edtulos<\/a>. Para localizar nuestro centro en ella, pueden utilizar el c\u00f3digo de centro del conservatorio, 29700281. Para hacer los tr\u00e1mites de esta manera es necesario tener uno de estos sistemas de identificaci\u00f3n electr\u00f3nica:<\/p>\n<ul>\n<li><a href=\"https:\/\/clave.gob.es\/clave_Home\/PIN24H.html\">Cl@ve\u00a0PIN<\/a><\/li>\n<li><a href=\"https:\/\/clave.gob.es\/clave_Home\/Clave-Permanente.html\">Cl@ve\u00a0Permanente<\/a><\/li>\n<li><a href=\"https:\/\/www.sede.fnmt.gob.es\/certificados\/persona-fisica\">Certificado digital<\/a><\/li>\n<li><a href=\"https:\/\/www.dnielectronico.es\/PortalDNIe\/\">DNI-e<\/a><\/li>\n<li>Usuario IdeA (<a href=\"https:\/\/www.juntadeandalucia.es\/educacion\/portalseneca\/web\/seneca\/inicio\">S\u00e9neca<\/a>, para personal de la Consejer\u00eda de Educaci\u00f3n de la Junta de Andaluc\u00eda o <a href=\"https:\/\/www.juntadeandalucia.es\/educacion\/portals\/web\/ced\/pasen\">PASEN<\/a>, para alumnado y familias, com\u00fan para todos los centros educativos, por lo que si ya tiene usuario y clave PASEN de su colegio o instituto, puede utilizarlo para el conservatorio)<\/li>\n<\/ul>\n<blockquote>\n<p><strong>Por favor, acuda al centro \u00fanicamente si le es imposible hacer el tr\u00e1mite de manera telem\u00e1tica y tras haber llamado por tel\u00e9fono, o escrito por correo electr\u00f3nico, al haber encontrado dificultades en el proceso.<\/strong><\/p>\n<\/blockquote>\n<p>Correo electr\u00f3nico de la administraci\u00f3n (para tr\u00e1mites administrativos): <a href=\"mailto:29700281.admin.edu@juntadeandalucia.es\">29700281.admin.edu@juntadeandalucia.es<\/a><br \/>Tel\u00e9fono: <a href=\"tel:+34951298372\">951 298 372<\/a><\/p>\n<p>Horario de atenci\u00f3n:<\/p>\n<ul>\n<li>Lunes (no presencial) de 9.00 a 10.30 y de 11.00 a 14.00<\/li>\n<li>Martes, mi\u00e9rcoles, jueves y viernes de 9.00 a 10.30 y de 11.00 a 14.00<\/li>\n<\/ul>\n<p>Horario de atenci\u00f3n en abril:<\/p>\n<ul>\n<li>Lunes a viernes: de 9.00 a 10.30 y de 11.00 a 14.00 (excepto jueves 23).<\/li>\n<li>Solo jueves 23: de 15.30 a 18.00 y de 18.30 a 20.30.<\/li>\n<\/ul>\n<h2>Tr\u00e1mites disponibles<\/h2>\n<p>Por motivos ajenos al centro, no es posible expedir certificados de matr\u00edcula fuera del per\u00edodo lectivo para el alumnado matriculado; no as\u00ed para el alumnado que ya no cursa estudios en el centro.<\/p>\n<p>[\/et_pb_text][\/et_pb_column][\/et_pb_row][et_pb_row column_structure=\u00bb1_5,1_5,1_5,1_5,1_5&#8243; _builder_version=\u00bb4.16&#8243; _module_preset=\u00bbdefault\u00bb hover_transition_duration=\u00bb0ms\u00bb global_colors_info=\u00bb{}\u00bb][et_pb_column type=\u00bb1_5&#8243; _builder_version=\u00bb4.16&#8243; _module_preset=\u00bbdefault\u00bb global_colors_info=\u00bb{}\u00bb][et_pb_blurb title=\u00bbAcceso y reingreso\u00bb url_new_window=\u00bbon\u00bb image=\u00bbhttps:\/\/cpmtenllado.es\/main\/wp-content\/uploads\/img\/acceso.jpg\u00bb _builder_version=\u00bb4.24.3&#8243; _dynamic_attributes=\u00bblink_option_url\u00bb _module_preset=\u00bbdefault\u00bb header_text_align=\u00bbcenter\u00bb hover_transition_duration=\u00bb0ms\u00bb link_option_url=\u00bb@ET-DC@eyJkeW5hbWljIjp0cnVlLCJjb250ZW50IjoicG9zdF9saW5rX3VybF9wYWdlIiwic2V0dGluZ3MiOnsicG9zdF9pZCI6IjU0ODEifX0=@\u00bb link_option_url_new_window=\u00bbon\u00bb global_colors_info=\u00bb{}\u00bb][\/et_pb_blurb][\/et_pb_column][et_pb_column type=\u00bb1_5&#8243; _builder_version=\u00bb4.16&#8243; _module_preset=\u00bbdefault\u00bb global_colors_info=\u00bb{}\u00bb][et_pb_blurb title=\u00bbMatr\u00edculas\u00bb image=\u00bbhttps:\/\/cpmtenllado.es\/main\/wp-content\/uploads\/img\/matriculas-1.jpg\u00bb _builder_version=\u00bb4.16&#8243; _module_preset=\u00bbdefault\u00bb header_text_align=\u00bbcenter\u00bb link_option_url=\u00bbhttps:\/\/cpmtenllado.es\/main\/informacion-administrativa\/matriculacion\/\u00bb global_colors_info=\u00bb{}\u00bb][\/et_pb_blurb][\/et_pb_column][et_pb_column type=\u00bb1_5&#8243; _builder_version=\u00bb4.16&#8243; _module_preset=\u00bbdefault\u00bb global_colors_info=\u00bb{}\u00bb][et_pb_blurb title=\u00bbAmpliaci\u00f3n\u00bb image=\u00bbhttps:\/\/cpmtenllado.es\/main\/wp-content\/uploads\/img\/ampliacion.jpg\u00bb _builder_version=\u00bb4.16&#8243; _module_preset=\u00bbdefault\u00bb header_text_align=\u00bbcenter\u00bb link_option_url=\u00bbhttps:\/\/cpmtenllado.es\/main\/informacion-administrativa\/ampliacion\/\u00bb global_colors_info=\u00bb{}\u00bb][\/et_pb_blurb][\/et_pb_column][et_pb_column type=\u00bb1_5&#8243; _builder_version=\u00bb4.16&#8243; _module_preset=\u00bbdefault\u00bb global_colors_info=\u00bb{}\u00bb][et_pb_blurb title=\u00bbAnulaci\u00f3n\u00bb image=\u00bbhttps:\/\/cpmtenllado.es\/main\/wp-content\/uploads\/img\/anulacion.jpg\u00bb _builder_version=\u00bb4.16&#8243; _module_preset=\u00bbdefault\u00bb header_text_align=\u00bbcenter\u00bb link_option_url=\u00bbhttps:\/\/cpmtenllado.es\/main\/informacion-administrativa\/anulacion\/\u00bb global_colors_info=\u00bb{}\u00bb][\/et_pb_blurb][\/et_pb_column][et_pb_column type=\u00bb1_5&#8243; _builder_version=\u00bb4.16&#8243; _module_preset=\u00bbdefault\u00bb global_colors_info=\u00bb{}\u00bb][et_pb_blurb title=\u00bbTraslado\u00bb image=\u00bbhttps:\/\/cpmtenllado.es\/main\/wp-content\/uploads\/img\/traslado.jpg\u00bb _builder_version=\u00bb4.16&#8243; _module_preset=\u00bbdefault\u00bb header_text_align=\u00bbcenter\u00bb link_option_url=\u00bbhttps:\/\/cpmtenllado.es\/main\/informacion-administrativa\/traslado\/\u00bb global_colors_info=\u00bb{}\u00bb][\/et_pb_blurb][\/et_pb_column][\/et_pb_row][et_pb_row column_structure=\u00bb1_6,1_6,1_6,1_6,1_6,1_6&#8243; _builder_version=\u00bb4.23.1&#8243; _module_preset=\u00bbdefault\u00bb global_colors_info=\u00bb{}\u00bb][et_pb_column type=\u00bb1_6&#8243; _builder_version=\u00bb4.16&#8243; _module_preset=\u00bbdefault\u00bb global_colors_info=\u00bb{}\u00bb][et_pb_blurb title=\u00bbCertificados\u00bb image=\u00bbhttps:\/\/cpmtenllado.es\/main\/wp-content\/uploads\/img\/certificados.png\u00bb _builder_version=\u00bb4.24.0&#8243; _dynamic_attributes=\u00bblink_option_url\u00bb _module_preset=\u00bbdefault\u00bb header_text_align=\u00bbcenter\u00bb link_option_url=\u00bb@ET-DC@eyJkeW5hbWljIjp0cnVlLCJjb250ZW50IjoicG9zdF9saW5rX3VybF9wYWdlIiwic2V0dGluZ3MiOnsicG9zdF9pZCI6Ijc0NjkifX0=@\u00bb link_option_url_new_window=\u00bbon\u00bb global_colors_info=\u00bb{}\u00bb][\/et_pb_blurb][\/et_pb_column][et_pb_column type=\u00bb1_6&#8243; _builder_version=\u00bb4.16&#8243; _module_preset=\u00bbdefault\u00bb global_colors_info=\u00bb{}\u00bb][et_pb_blurb title=\u00bbT\u00edtulos\u00bb image=\u00bbhttps:\/\/cpmtenllado.es\/main\/wp-content\/uploads\/img\/titulos.jpg\u00bb _builder_version=\u00bb4.16&#8243; _module_preset=\u00bbdefault\u00bb header_text_align=\u00bbcenter\u00bb link_option_url=\u00bbhttps:\/\/cpmtenllado.es\/main\/informacion-administrativa\/titulos\/\u00bb global_colors_info=\u00bb{}\u00bb][\/et_pb_blurb][\/et_pb_column][et_pb_column type=\u00bb1_6&#8243; _builder_version=\u00bb4.16&#8243; _module_preset=\u00bbdefault\u00bb global_colors_info=\u00bb{}\u00bb][et_pb_blurb title=\u00bbSegunda especialidad\u00bb image=\u00bbhttps:\/\/cpmtenllado.es\/main\/wp-content\/uploads\/img\/segunda.jpg\u00bb _builder_version=\u00bb4.16&#8243; _module_preset=\u00bbdefault\u00bb header_text_align=\u00bbcenter\u00bb link_option_url=\u00bbhttps:\/\/cpmtenllado.es\/main\/informacion-administrativa\/segunda-especialidad\/\u00bb global_colors_info=\u00bb{}\u00bb][\/et_pb_blurb][\/et_pb_column][et_pb_column type=\u00bb1_6&#8243; _builder_version=\u00bb4.16&#8243; _module_preset=\u00bbdefault\u00bb global_colors_info=\u00bb{}\u00bb][et_pb_blurb title=\u00bbCambio de especialidad\u00bb image=\u00bbhttps:\/\/cpmtenllado.es\/main\/wp-content\/uploads\/img\/cambio.jpg\u00bb _builder_version=\u00bb4.16&#8243; _module_preset=\u00bbdefault\u00bb header_text_align=\u00bbcenter\u00bb link_option_url=\u00bbhttps:\/\/cpmtenllado.es\/main\/informacion-administrativa\/cambio-especialidad\/\u00bb global_colors_info=\u00bb{}\u00bb][\/et_pb_blurb][\/et_pb_column][et_pb_column type=\u00bb1_6&#8243; _builder_version=\u00bb4.16&#8243; _module_preset=\u00bbdefault\u00bb global_colors_info=\u00bb{}\u00bb][et_pb_blurb title=\u00bbConvalidaciones\u00bb image=\u00bbhttps:\/\/cpmtenllado.es\/main\/wp-content\/uploads\/img\/convalidaciones.jpg\u00bb _builder_version=\u00bb4.16&#8243; _module_preset=\u00bbdefault\u00bb header_text_align=\u00bbcenter\u00bb link_option_url=\u00bbhttps:\/\/cpmtenllado.es\/main\/informacion-administrativa\/convalidaciones\/\u00bb global_colors_info=\u00bb{}\u00bb][\/et_pb_blurb][\/et_pb_column][et_pb_column type=\u00bb1_6&#8243; _builder_version=\u00bb4.16&#8243; _module_preset=\u00bbdefault\u00bb global_colors_info=\u00bb{}\u00bb][et_pb_blurb title=\u00bbPermanencia\u00bb image=\u00bbhttps:\/\/cpmtenllado.es\/main\/wp-content\/uploads\/img\/permanencia.jpg\u00bb _builder_version=\u00bb4.16&#8243; _module_preset=\u00bbdefault\u00bb header_text_align=\u00bbcenter\u00bb link_option_url=\u00bbhttps:\/\/cpmtenllado.es\/main\/informacion-administrativa\/permanencia\/\u00bb global_colors_info=\u00bb{}\u00bb][\/et_pb_blurb][\/et_pb_column][\/et_pb_row][\/et_pb_section]<\/p>\n","protected":false},"excerpt":{"rendered":"<p>Informaci\u00f3n general administrativa.<\/p>\n","protected":false},"author":4,"featured_media":0,"parent":0,"menu_order":0,"comment_status":"closed","ping_status":"closed","template":"","meta":{"_et_pb_use_builder":"on","_et_pb_old_content":"","_et_gb_content_width":"","footnotes":""},"class_list":["post-3992","page","type-page","status-publish","hentry"],"_links":{"self":[{"href":"https:\/\/cpmtenllado.es\/main\/wp-json\/wp\/v2\/pages\/3992","targetHints":{"allow":["GET"]}}],"collection":[{"href":"https:\/\/cpmtenllado.es\/main\/wp-json\/wp\/v2\/pages"}],"about":[{"href":"https:\/\/cpmtenllado.es\/main\/wp-json\/wp\/v2\/types\/page"}],"author":[{"embeddable":true,"href":"https:\/\/cpmtenllado.es\/main\/wp-json\/wp\/v2\/users\/4"}],"replies":[{"embeddable":true,"href":"https:\/\/cpmtenllado.es\/main\/wp-json\/wp\/v2\/comments?post=3992"}],"version-history":[{"count":5,"href":"https:\/\/cpmtenllado.es\/main\/wp-json\/wp\/v2\/pages\/3992\/revisions"}],"predecessor-version":[{"id":12297,"href":"https:\/\/cpmtenllado.es\/main\/wp-json\/wp\/v2\/pages\/3992\/revisions\/12297"}],"wp:attachment":[{"href":"https:\/\/cpmtenllado.es\/main\/wp-json\/wp\/v2\/media?parent=3992"}],"curies":[{"name":"wp","href":"https:\/\/api.w.org\/{rel}","templated":true}]}}