{"id":5481,"date":"2022-02-18T17:41:18","date_gmt":"2022-02-18T16:41:18","guid":{"rendered":"https:\/\/cpmtenllado.es\/main\/?page_id=5481"},"modified":"2026-02-03T10:32:32","modified_gmt":"2026-02-03T09:32:32","slug":"acceso","status":"publish","type":"page","link":"https:\/\/cpmtenllado.es\/main\/informacion-administrativa\/acceso\/","title":{"rendered":"Acceso y reingreso"},"content":{"rendered":"<p>[et_pb_section fb_built=\u00bb1&#8243; fullwidth=\u00bbon\u00bb _builder_version=\u00bb4.16&#8243; global_colors_info=\u00bb{}\u00bb][et_pb_fullwidth_image src=\u00bbhttps:\/\/cpmtenllado.es\/main\/wp-content\/uploads\/img\/cabecera_nuestrocentro.jpg\u00bb show_in_lightbox=\u00bbon\u00bb _builder_version=\u00bb4.16&#8243; global_colors_info=\u00bb{}\u00bb][\/et_pb_fullwidth_image][\/et_pb_section][et_pb_section fb_built=\u00bb1&#8243; _builder_version=\u00bb4.16&#8243; global_colors_info=\u00bb{}\u00bb][et_pb_row _builder_version=\u00bb4.16&#8243; background_size=\u00bbinitial\u00bb background_position=\u00bbtop_left\u00bb background_repeat=\u00bbrepeat\u00bb max_height=\u00bb35px\u00bb custom_margin=\u00bb2px|auto|2px|auto|false|false\u00bb custom_padding=\u00bb0px|0px|0px|0px|false|false\u00bb global_colors_info=\u00bb{}\u00bb][et_pb_column type=\u00bb4_4&#8243; _builder_version=\u00bb4.16&#8243; custom_padding=\u00bb|||\u00bb global_colors_info=\u00bb{}\u00bb custom_padding__hover=\u00bb|||\u00bb][et_pb_text _builder_version=\u00bb4.16&#8243; max_height=\u00bb35px\u00bb custom_margin=\u00bb2px||2px||false|false\u00bb global_colors_info=\u00bb{}\u00bb]<\/p>\n\t\t\t<!-- Flexy Breadcrumb -->\r\n\t\t\t<div class=\"fbc fbc-page\">\r\n\r\n\t\t\t\t<!-- Breadcrumb wrapper -->\r\n\t\t\t\t<div class=\"fbc-wrap\">\r\n\r\n\t\t\t\t\t<!-- Ordered list-->\r\n\t\t\t\t\t<ol class=\"fbc-items\" itemscope itemtype=\"https:\/\/schema.org\/BreadcrumbList\">\r\n\t\t\t\t\t\t            <li itemprop=\"itemListElement\" itemscope itemtype=\"https:\/\/schema.org\/ListItem\">\r\n                <span itemprop=\"name\">\r\n                    <!-- Home Link -->\r\n                    <a itemprop=\"item\" href=\"https:\/\/cpmtenllado.es\/main\">\r\n                    \r\n                                                    <i class=\"fa none\" aria-hidden=\"true\"><\/i>Inicio                    <\/a>\r\n                <\/span>\r\n                <meta itemprop=\"position\" content=\"1\" \/><!-- Meta Position-->\r\n             <\/li><li><span class=\"fbc-separator\">><\/span><\/li><li class=\"active\" itemprop=\"itemListElement\" itemscope itemtype=\"https:\/\/schema.org\/ListItem\"><span itemprop=\"name\" title=\"Acceso y reingreso\">Acceso y reingreso<\/span><meta itemprop=\"position\" content=\"2\" \/><\/li>\t\t\t\t\t<\/ol>\r\n\t\t\t\t\t<div class=\"clearfix\"><\/div>\r\n\t\t\t\t<\/div>\r\n\t\t\t<\/div>\r\n\t\t\t\n<p>[\/et_pb_text][\/et_pb_column][\/et_pb_row][et_pb_row _builder_version=\u00bb4.16&#8243; background_size=\u00bbinitial\u00bb background_position=\u00bbtop_left\u00bb background_repeat=\u00bbrepeat\u00bb min_height=\u00bb167.2px\u00bb custom_margin=\u00bb2px|auto||auto||\u00bb custom_padding=\u00bb43px|0px|0px|0px|false|false\u00bb global_colors_info=\u00bb{}\u00bb][et_pb_column type=\u00bb4_4&#8243; _builder_version=\u00bb4.16&#8243; custom_padding=\u00bb|||\u00bb global_colors_info=\u00bb{}\u00bb custom_padding__hover=\u00bb|||\u00bb][et_pb_post_title meta=\u00bboff\u00bb featured_placement=\u00bbabove\u00bb _builder_version=\u00bb4.16&#8243; _module_preset=\u00bbdefault\u00bb title_font=\u00bb|700|||||||\u00bb global_colors_info=\u00bb{}\u00bb][\/et_pb_post_title][et_pb_text _builder_version=\u00bb4.27.4&#8243; min_height=\u00bb186.5px\u00bb global_colors_info=\u00bb{}\u00bb]Aqu\u00ed encontrar\u00e1 informaci\u00f3n sobre las diversas formas de acceso a nuestro centro. Tenga en cuenta que las distintas opciones son excluyentes entre s\u00ed.<\/p>\n<p>La normativa que regula este procedimiento es, principalmente, la <a href=\"https:\/\/juntadeandalucia.es\/boja\/2013\/59\/2\" target=\"_blank\" rel=\"noopener\">Orden de 13 de marzo de 2013, por la que se regulan los criterios de admisi\u00f3n y los procedimientos de admisi\u00f3n y matriculaci\u00f3n del alumnado en las ense\u00f1anzas elementales b\u00e1sicas y profesionales de m\u00fasica y de danza, en los centros docentes p\u00fablicos de titularidad de la Junta de Andaluc\u00eda y se establece el calendario del procedimiento de admisi\u00f3n para el curso escolar 2013\/14<\/a>.<\/p>\n<p>Adem\u00e1s de esta Orden, puede consultar el resto de la normativa al respecto en <a href=\"https:\/\/www.juntadeandalucia.es\/educacion\/portales\/web\/escolarizacion\/ensenanzas-artisticas\/ensenanzas-elementales-basicas-y-profesionales-de-musica-y-danza\/normativa\" target=\"_blank\" rel=\"noopener\">este enlace<\/a>.<\/p>\n<p>Consulte la <a href=\"https:\/\/www.juntadeandalucia.es\/educacion\/portales\/web\/escolarizacion\/w\/ensenanzas-elementales-y-profesionales-de-musica?redirect=%2Feducacion%2Fportales%2Fweb%2Fescolarizacion%2Fensenanzas-artisticas%2Fensenanzas-elementales-basicas-y-profesionales-de-musica-y-danza\" target=\"_blank\" rel=\"noopener noreferrer\">informaci\u00f3n<\/a> que ofrece la Consejer\u00eda de Desarrollo Educativo y Formaci\u00f3n Profesional de la Junta de Andaluc\u00eda respecto a las Ense\u00f1anzas de M\u00fasica.<br \/>\nConsulte el <a href=\"https:\/\/www.juntadeandalucia.es\/educacion\/portales\/web\/escolarizacion\/ensenanzas-artisticas\/ensenanzas-elementales-basicas-y-profesionales-de-musica-y-danza\/calendario\" target=\"_blank\" rel=\"noopener noreferrer\">calendario de escolarizaci\u00f3n<\/a> para las Ense\u00f1anzas de M\u00fasica publicado en la web de la Consejer\u00eda de Desarrollo Educativo y Formaci\u00f3n Profesional de la Junta de Andaluc\u00eda.<\/p>\n<blockquote><p><strong>Debe aportar toda la documentaci\u00f3n necesaria para la tramitaci\u00f3n de las solicitudes en un solo acto, se rechazar\u00e1n las solicitudes incompletas.<\/strong><\/p>\n<p><strong>En caso de problemas t\u00e9cnicos con la tramitaci\u00f3n telem\u00e1tica, llame al <a href=\"tel:900848000\">900848000<\/a><\/strong>.<\/p><\/blockquote>\n<p>[\/et_pb_text][\/et_pb_column][\/et_pb_row][et_pb_row column_structure=\u00bb1_2,1_2&#8243; _builder_version=\u00bb4.16&#8243; _module_preset=\u00bbdefault\u00bb min_height=\u00bb182.6px\u00bb custom_padding=\u00bb||0px|||\u00bb global_colors_info=\u00bb{}\u00bb][et_pb_column type=\u00bb1_2&#8243; _builder_version=\u00bb4.16&#8243; _module_preset=\u00bbdefault\u00bb global_colors_info=\u00bb{}\u00bb][et_pb_button button_url=\u00bbhttps:\/\/cpmtenllado.es\/main\/informacion-administrativa\/acceso\/acceso-1eb\u00bb button_text=\u00bbAcceso a 1EB\u00bb button_alignment=\u00bbcenter\u00bb _builder_version=\u00bb4.16&#8243; _module_preset=\u00bbdefault\u00bb custom_button=\u00bbon\u00bb button_text_size=\u00bb28px\u00bb button_text_color=\u00bb#FFFFFF\u00bb button_bg_color=\u00bb#007a33&#8243; button_border_color=\u00bb#FFFFFF\u00bb button_use_icon=\u00bboff\u00bb global_colors_info=\u00bb{}\u00bb][\/et_pb_button][\/et_pb_column][et_pb_column type=\u00bb1_2&#8243; _builder_version=\u00bb4.16&#8243; _module_preset=\u00bbdefault\u00bb global_colors_info=\u00bb{}\u00bb][et_pb_button button_url=\u00bbhttps:\/\/cpmtenllado.es\/main\/informacion-administrativa\/acceso\/acceso-1ep\u00bb button_text=\u00bbAcceso a 1EP\u00bb button_alignment=\u00bbcenter\u00bb _builder_version=\u00bb4.16&#8243; _module_preset=\u00bbdefault\u00bb custom_button=\u00bbon\u00bb button_text_size=\u00bb28px\u00bb button_text_color=\u00bb#FFFFFF\u00bb button_bg_color=\u00bb#007a33&#8243; button_border_color=\u00bb#FFFFFF\u00bb button_use_icon=\u00bboff\u00bb global_colors_info=\u00bb{}\u00bb][\/et_pb_button][\/et_pb_column][\/et_pb_row][et_pb_row column_structure=\u00bb1_3,1_3,1_3&#8243; _builder_version=\u00bb4.16&#8243; _module_preset=\u00bbdefault\u00bb min_height=\u00bb182.6px\u00bb custom_padding=\u00bb||0px|||\u00bb global_colors_info=\u00bb{}\u00bb][et_pb_column type=\u00bb1_3&#8243; _builder_version=\u00bb4.16&#8243; _module_preset=\u00bbdefault\u00bb global_colors_info=\u00bb{}\u00bb][et_pb_button button_url=\u00bbhttps:\/\/cpmtenllado.es\/main\/informacion-administrativa\/acceso\/acceso-distintos-1eb\u00bb button_text=\u00bbDistintos 1EB\u00bb button_alignment=\u00bbcenter\u00bb _builder_version=\u00bb4.16&#8243; _module_preset=\u00bbdefault\u00bb custom_button=\u00bbon\u00bb button_text_size=\u00bb28px\u00bb button_text_color=\u00bb#FFFFFF\u00bb button_bg_color=\u00bb#007a33&#8243; button_border_color=\u00bb#FFFFFF\u00bb button_use_icon=\u00bboff\u00bb global_colors_info=\u00bb{}\u00bb][\/et_pb_button][\/et_pb_column][et_pb_column type=\u00bb1_3&#8243; _builder_version=\u00bb4.16&#8243; _module_preset=\u00bbdefault\u00bb global_colors_info=\u00bb{}\u00bb][et_pb_button button_url=\u00bbhttps:\/\/cpmtenllado.es\/main\/informacion-administrativa\/acceso\/acceso-distintos-1ep\u00bb button_text=\u00bbDistintos 1EP\u00bb button_alignment=\u00bbcenter\u00bb _builder_version=\u00bb4.16&#8243; _module_preset=\u00bbdefault\u00bb custom_button=\u00bbon\u00bb button_text_size=\u00bb28px\u00bb button_text_color=\u00bb#FFFFFF\u00bb button_bg_color=\u00bb#007a33&#8243; button_border_color=\u00bb#FFFFFF\u00bb button_use_icon=\u00bboff\u00bb global_colors_info=\u00bb{}\u00bb][\/et_pb_button][\/et_pb_column][et_pb_column type=\u00bb1_3&#8243; _builder_version=\u00bb4.16&#8243; _module_preset=\u00bbdefault\u00bb global_colors_info=\u00bb{}\u00bb][et_pb_button button_url=\u00bbhttps:\/\/cpmtenllado.es\/main\/informacion-administrativa\/acceso\/reingreso\u00bb button_text=\u00bbReingreso EB y EP\u00bb button_alignment=\u00bbcenter\u00bb _builder_version=\u00bb4.16&#8243; _module_preset=\u00bbdefault\u00bb custom_button=\u00bbon\u00bb button_text_size=\u00bb28px\u00bb button_text_color=\u00bb#FFFFFF\u00bb button_bg_color=\u00bb#007a33&#8243; button_border_color=\u00bb#FFFFFF\u00bb button_use_icon=\u00bboff\u00bb global_colors_info=\u00bb{}\u00bb][\/et_pb_button][\/et_pb_column][\/et_pb_row][\/et_pb_section]<\/p>\n","protected":false},"excerpt":{"rendered":"<p>Consulte en este apartado los requisitos, calendarios y documentos a entregar as\u00ed como alguna otra informaci\u00f3n importante sobre las diversas formas de acceso a nuestro centro.<\/p>\n","protected":false},"author":4,"featured_media":0,"parent":3992,"menu_order":0,"comment_status":"closed","ping_status":"closed","template":"","meta":{"_et_pb_use_builder":"on","_et_pb_old_content":"","_et_gb_content_width":"","footnotes":""},"class_list":["post-5481","page","type-page","status-publish","hentry"],"_links":{"self":[{"href":"https:\/\/cpmtenllado.es\/main\/wp-json\/wp\/v2\/pages\/5481","targetHints":{"allow":["GET"]}}],"collection":[{"href":"https:\/\/cpmtenllado.es\/main\/wp-json\/wp\/v2\/pages"}],"about":[{"href":"https:\/\/cpmtenllado.es\/main\/wp-json\/wp\/v2\/types\/page"}],"author":[{"embeddable":true,"href":"https:\/\/cpmtenllado.es\/main\/wp-json\/wp\/v2\/users\/4"}],"replies":[{"embeddable":true,"href":"https:\/\/cpmtenllado.es\/main\/wp-json\/wp\/v2\/comments?post=5481"}],"version-history":[{"count":3,"href":"https:\/\/cpmtenllado.es\/main\/wp-json\/wp\/v2\/pages\/5481\/revisions"}],"predecessor-version":[{"id":12120,"href":"https:\/\/cpmtenllado.es\/main\/wp-json\/wp\/v2\/pages\/5481\/revisions\/12120"}],"up":[{"embeddable":true,"href":"https:\/\/cpmtenllado.es\/main\/wp-json\/wp\/v2\/pages\/3992"}],"wp:attachment":[{"href":"https:\/\/cpmtenllado.es\/main\/wp-json\/wp\/v2\/media?parent=5481"}],"curies":[{"name":"wp","href":"https:\/\/api.w.org\/{rel}","templated":true}]}}