{"id":78,"date":"2018-08-02T10:13:12","date_gmt":"2018-08-02T08:13:12","guid":{"rendered":"http:\/\/cpmtenllado.es\/main\/?page_id=78"},"modified":"2024-04-09T11:08:25","modified_gmt":"2024-04-09T09:08:25","slug":"nuestro-centro","status":"publish","type":"page","link":"https:\/\/cpmtenllado.es\/main\/nuestro-centro\/","title":{"rendered":"Nuestro Centro"},"content":{"rendered":"<p>[et_pb_section fb_built=\u00bb1&#8243; fullwidth=\u00bbon\u00bb _builder_version=\u00bb4.16&#8243; global_colors_info=\u00bb{}\u00bb][et_pb_fullwidth_image src=\u00bbhttps:\/\/cpmtenllado.es\/main\/wp-content\/uploads\/img\/cabecera_nuestrocentro.jpg\u00bb show_in_lightbox=\u00bbon\u00bb _builder_version=\u00bb4.16&#8243; global_colors_info=\u00bb{}\u00bb][\/et_pb_fullwidth_image][\/et_pb_section][et_pb_section fb_built=\u00bb1&#8243; _builder_version=\u00bb4.16&#8243; global_colors_info=\u00bb{}\u00bb][et_pb_row _builder_version=\u00bb4.16&#8243; background_size=\u00bbinitial\u00bb background_position=\u00bbtop_left\u00bb background_repeat=\u00bbrepeat\u00bb global_colors_info=\u00bb{}\u00bb][et_pb_column type=\u00bb4_4&#8243; _builder_version=\u00bb4.16&#8243; custom_padding=\u00bb|||\u00bb global_colors_info=\u00bb{}\u00bb custom_padding__hover=\u00bb|||\u00bb][et_pb_text _builder_version=\u00bb4.19.5&#8243; global_colors_info=\u00bb{}\u00bb]<\/p>\n<h1>Conservatorio Profesional de M\u00fasica <strong>Gonzalo Mart\u00edn Tenllado<\/strong><\/h1>\n<p>Glorieta 11 de Marzo, 2 (Intersecci\u00f3n Avda. Moli\u00e9re con Camino del Pato)<br \/>29004 &#8211; M\u00e1laga<br \/>(t) 951 298 372<br \/>(f) 951 298 375<br \/>(e) info@cpmtenllado.es<br \/>(e) 29700281.admin.edu@juntadeandalucia.es (para tr\u00e1mites administrativos)<\/p>\n<p>Descargue nuestro <a href=\"https:\/\/cpmtenllado.es\/main\/wp-content\/uploads\/PAE\/PAE.pdf\">Plan de Autoprotecci\u00f3n y Emergencia<\/a>\u00a0y las <a href=\"https:\/\/cpmtenllado.es\/main\/wp-content\/uploads\/PAE\/RecEmer.pdf\">recomendaciones generales en caso de emergencia<\/a>.<\/p>\n<p>&nbsp;<\/p>\n<p>[\/et_pb_text][\/et_pb_column][\/et_pb_row][et_pb_row column_structure=\u00bb1_2,1_2&#8243; _builder_version=\u00bb4.16&#8243; background_size=\u00bbinitial\u00bb background_position=\u00bbtop_left\u00bb background_repeat=\u00bbrepeat\u00bb global_colors_info=\u00bb{}\u00bb][et_pb_column type=\u00bb1_2&#8243; _builder_version=\u00bb4.16&#8243; custom_padding=\u00bb|||\u00bb global_colors_info=\u00bb{}\u00bb custom_padding__hover=\u00bb|||\u00bb][dsm_image_carousel _builder_version=\u00bb4.24.2&#8243; _module_preset=\u00bbdefault\u00bb slide_to_show=\u00bb1&#8243; arrows=\u00bboff\u00bb dots=\u00bboff\u00bb grab=\u00bboff\u00bb gallery_ids=\u00bb88,91,92,93,104,103,102,101,99,98,100,97&#8243; hover_enabled=\u00bb0&#8243; sticky_enabled=\u00bb0&#8243;][\/dsm_image_carousel][et_pb_text _builder_version=\u00bb4.24.2&#8243; animation_direction=\u00bbleft\u00bb global_colors_info=\u00bb{}\u00bb]<\/p>\n<p><strong>Horario habitual de atenci\u00f3n al p\u00fablico de la administraci\u00f3n:\u00a0<\/strong><\/p>\n<p>La atenci\u00f3n al p\u00fablico ser\u00e1 preferentemente telef\u00f3nica o por correo electr\u00f3nico.<\/p>\n<p>Muchos tr\u00e1mites pueden ser realizados a trav\u00e9s de la <a href=\"https:\/\/www.juntadeandalucia.es\/educacion\/secretariavirtual\/\">Secretar\u00eda Virtual de los centros docentes andaluces<\/a>, como por ejemplo, la solicitud de t\u00edtulos. Para localizar nuestro centro en ella, pueden utilizar el c\u00f3digo de centro del conservatorio, 29700281.<\/p>\n<p>Correo electr\u00f3nico de la administraci\u00f3n (para tr\u00e1mites administrativos): <a href=\"mailto:29700281.admin.edu@juntadeandalucia.es\">29700281.admin.edu@juntadeandalucia.es<\/a><br \/>Tel\u00e9fono: <a href=\"tel:+34951298372\">951 298 372<\/a><\/p>\n<p>Horario de atenci\u00f3n:<\/p>\n<ul>\n<li>Lunes (no presencial) de 9.00 a 10.30 y de 11.00 a 14.00<\/li>\n<li>Martes, mi\u00e9rcoles, jueves y viernes de 9.00 a 10.30 y de 11.00 a 14.00<\/li>\n<\/ul>\n<p>[\/et_pb_text][et_pb_button button_url=\u00bb#formularioauditorio\u00bb button_text=\u00bbAuditorio\u00bb _builder_version=\u00bb4.16&#8243; global_colors_info=\u00bb{}\u00bb][\/et_pb_button][\/et_pb_column][et_pb_column type=\u00bb1_2&#8243; _builder_version=\u00bb4.16&#8243; custom_padding=\u00bb|||\u00bb global_colors_info=\u00bb{}\u00bb custom_padding__hover=\u00bb|||\u00bb][et_pb_code _builder_version=\u00bb4.24.2&#8243; animation_direction=\u00bbright\u00bb global_colors_info=\u00bb{}\u00bb]<iframe loading=\"lazy\" src=\"https:\/\/www.google.com\/maps\/embed?pb=!1m18!1m12!1m3!1d3199.496458514125!2d-4.455581684449068!3d36.686606281784805!2m3!1f0!2f0!3f0!3m2!1i1024!2i768!4f13.1!3m3!1m2!1s0xd72f9cf7aa1738d%3A0xf37220264854214c!2sConservatorio+Profesional+de+M%C3%BAsica+Gonzalo+Mart%C3%ADn+Tenllado!5e0!3m2!1ses!2ses!4v1533202761687\" width=\"600\" height=\"450\" frameborder=\"0\" style=\"border:0\" allowfullscreen><\/iframe>[\/et_pb_code][\/et_pb_column][\/et_pb_row][et_pb_row _builder_version=\u00bb4.16&#8243; background_size=\u00bbinitial\u00bb background_position=\u00bbtop_left\u00bb background_repeat=\u00bbrepeat\u00bb global_colors_info=\u00bb{}\u00bb][et_pb_column type=\u00bb4_4&#8243; _builder_version=\u00bb4.16&#8243; custom_padding=\u00bb|||\u00bb global_colors_info=\u00bb{}\u00bb custom_padding__hover=\u00bb|||\u00bb][et_pb_divider color=\u00bb#b7b7b7&#8243; _builder_version=\u00bb4.16&#8243; global_colors_info=\u00bb{}\u00bb][\/et_pb_divider][\/et_pb_column][\/et_pb_row][et_pb_row column_structure=\u00bb1_2,1_2&#8243; _builder_version=\u00bb4.16&#8243; background_size=\u00bbinitial\u00bb background_position=\u00bbtop_left\u00bb background_repeat=\u00bbrepeat\u00bb global_colors_info=\u00bb{}\u00bb][et_pb_column type=\u00bb1_2&#8243; _builder_version=\u00bb4.16&#8243; custom_padding=\u00bb|||\u00bb global_colors_info=\u00bb{}\u00bb custom_padding__hover=\u00bb|||\u00bb][et_pb_text module_id=\u00bbformularioauditorio\u00bb _builder_version=\u00bb4.24.2&#8243; animation_direction=\u00bbleft\u00bb global_colors_info=\u00bb{}\u00bb]<\/p>\n<p>El Auditorio \/ Sal\u00f3n de Actos del CPM Gonzalo Mart\u00edn Tenllado puede ser utilizado por entidades o personas externas. Dispone de 297 butacas numeradas y cuatro espacios para sillas de ruedas, equipo de sonido y proyector, que lo habilitan para poder impartir conferencias, dar conciertos, etc. Puede descargar el plano <a href=\"https:\/\/cpmtenllado.es\/main\/wp-content\/uploads\/auditorio\/Plano-auditorio.pdf\">aqu\u00ed<\/a>.<\/p>\n<p>Si est\u00e1 interesado en disponer de \u00e9l, por favor contacte con nosotros usando el formulario:<\/p>\n<p>[\/et_pb_text][\/et_pb_column][et_pb_column type=\u00bb1_2&#8243; _builder_version=\u00bb4.16&#8243; custom_padding=\u00bb|||\u00bb global_colors_info=\u00bb{}\u00bb custom_padding__hover=\u00bb|||\u00bb][et_pb_text _builder_version=\u00bb4.24.2&#8243; animation_direction=\u00bbleft\u00bb global_colors_info=\u00bb{}\u00bb]<\/p>\n\n<div class=\"wpcf7 no-js\" id=\"wpcf7-f264-o1\" lang=\"es-ES\" dir=\"ltr\" data-wpcf7-id=\"264\">\n<div class=\"screen-reader-response\"><p role=\"status\" aria-live=\"polite\" aria-atomic=\"true\"><\/p> <ul><\/ul><\/div>\n<form action=\"\/main\/wp-json\/wp\/v2\/pages\/78#wpcf7-f264-o1\" method=\"post\" class=\"wpcf7-form init\" aria-label=\"Formulario de contacto\" novalidate=\"novalidate\" data-status=\"init\">\n<fieldset class=\"hidden-fields-container\"><input type=\"hidden\" name=\"_wpcf7\" value=\"264\" \/><input type=\"hidden\" name=\"_wpcf7_version\" value=\"6.1.4\" \/><input type=\"hidden\" name=\"_wpcf7_locale\" value=\"es_ES\" \/><input type=\"hidden\" name=\"_wpcf7_unit_tag\" value=\"wpcf7-f264-o1\" \/><input type=\"hidden\" name=\"_wpcf7_container_post\" value=\"0\" \/><input type=\"hidden\" name=\"_wpcf7_posted_data_hash\" value=\"\" \/><input type=\"hidden\" name=\"_wpcf7_recaptcha_response\" value=\"\" \/>\n<\/fieldset>\n<p><label> <b>Entidad<\/b> (requerido)<br \/>\n<span class=\"wpcf7-form-control-wrap\" data-name=\"your-ent\"><input size=\"40\" maxlength=\"400\" class=\"wpcf7-form-control wpcf7-text\" aria-invalid=\"false\" value=\"\" type=\"text\" name=\"your-ent\" \/><\/span> <\/label>\n<\/p>\n<p><label> <b>Nombre y apellidos<\/b> (requerido)<br \/>\n<span class=\"wpcf7-form-control-wrap\" data-name=\"your-name\"><input size=\"40\" maxlength=\"400\" class=\"wpcf7-form-control wpcf7-text wpcf7-validates-as-required\" aria-required=\"true\" aria-invalid=\"false\" value=\"\" type=\"text\" name=\"your-name\" \/><\/span> <\/label>\n<\/p>\n<p><label> <b>Su correo electr\u00f3nico<\/b> (requerido)<br \/>\n<span class=\"wpcf7-form-control-wrap\" data-name=\"your-email\"><input size=\"40\" maxlength=\"400\" class=\"wpcf7-form-control wpcf7-email wpcf7-validates-as-required wpcf7-text wpcf7-validates-as-email\" aria-required=\"true\" aria-invalid=\"false\" value=\"\" type=\"email\" name=\"your-email\" \/><\/span> <\/label>\n<\/p>\n<p><label> <b>Tel\u00e9fono<\/b> (requerido)<br \/>\n<span class=\"wpcf7-form-control-wrap\" data-name=\"your-tlf\"><input size=\"40\" maxlength=\"400\" class=\"wpcf7-form-control wpcf7-text wpcf7-validates-as-required\" aria-required=\"true\" aria-invalid=\"false\" value=\"\" type=\"text\" name=\"your-tlf\" \/><\/span> <\/label>\n<\/p>\n<p><label> <b>Su mensaje<\/b> (requerido)<br \/>\n<span class=\"wpcf7-form-control-wrap\" data-name=\"your-message\"><textarea cols=\"40\" rows=\"10\" maxlength=\"2000\" class=\"wpcf7-form-control wpcf7-textarea wpcf7-validates-as-required\" aria-required=\"true\" aria-invalid=\"false\" name=\"your-message\"><\/textarea><\/span> <\/label>\n<\/p>\n<p><span class=\"wpcf7-form-control-wrap\" data-name=\"acceptance-576\"><span class=\"wpcf7-form-control wpcf7-acceptance\"><span class=\"wpcf7-list-item\"><label><input type=\"checkbox\" name=\"acceptance-576\" value=\"1\" aria-invalid=\"false\" \/><span class=\"wpcf7-list-item-label\">Acepto la <a href=\"\/main\/politica-de-privacidad\/\" target=\"_blank\"> pol\u00edtica de privacidad<\/a>.<\/span><\/label><\/span><\/span><\/span>\n<\/p>\n<p><label><br \/>\n<\/label>\n<\/p>\n<ul>\n\t<li>\n\t\t<p>Responsable de los datos: CPM Gonzalo Mart\u00edn Tenllado.\n\t\t<\/p>\n\t<\/li>\n\t<li>\n\t\t<p>Finalidad de los datos: Responder y gestionar las peticiones de reserva de espacios.\n\t\t<\/p>\n\t<\/li>\n\t<li>\n\t\t<p>Almacenamiento de los datos: en una base de datos offline y un gestor de correo electr\u00f3nico, mientras se mantenga la relaci\u00f3n o durante los a\u00f1os necesarios para cumplir con las obligaciones legales. No se ceder\u00e1n a terceros salvo en los casos en que exista obligaci\u00f3n legal.\n\t\t<\/p>\n\t<\/li>\n\t<li>\n\t\t<p>Derechos: En cualquier momento puede limitar, recuperar y borrar su informaci\u00f3n enviando un correo electr\u00f3nico a <a href=\"mailto:info@cpmtenllado.es\">info@cpmtenllado.es<\/a>.\n\t\t<\/p>\n\t<\/li>\n<\/ul>\n<p><button class=\"wpcf7-form-control wpcf7-submit has-spinner et_pb_button et_pb_bg_layout_light\" type=\"submit\" value=\"Enviar\">Enviar<\/button>\n<\/p><div class=\"wpcf7-response-output\" aria-hidden=\"true\"><\/div>\n<\/form>\n<\/div>\n\n<p>[\/et_pb_text][\/et_pb_column][\/et_pb_row][\/et_pb_section]<\/p>\n","protected":false},"excerpt":{"rendered":"<p>Informaci\u00f3n general sobre nuestro conservatorio y su auditorio, disponible para su uso por parte de entidades externas.<\/p>\n","protected":false},"author":2,"featured_media":0,"parent":0,"menu_order":0,"comment_status":"closed","ping_status":"closed","template":"","meta":{"_et_pb_use_builder":"on","_et_pb_old_content":"","_et_gb_content_width":"","footnotes":""},"class_list":["post-78","page","type-page","status-publish","hentry"],"_links":{"self":[{"href":"https:\/\/cpmtenllado.es\/main\/wp-json\/wp\/v2\/pages\/78","targetHints":{"allow":["GET"]}}],"collection":[{"href":"https:\/\/cpmtenllado.es\/main\/wp-json\/wp\/v2\/pages"}],"about":[{"href":"https:\/\/cpmtenllado.es\/main\/wp-json\/wp\/v2\/types\/page"}],"author":[{"embeddable":true,"href":"https:\/\/cpmtenllado.es\/main\/wp-json\/wp\/v2\/users\/2"}],"replies":[{"embeddable":true,"href":"https:\/\/cpmtenllado.es\/main\/wp-json\/wp\/v2\/comments?post=78"}],"version-history":[{"count":0,"href":"https:\/\/cpmtenllado.es\/main\/wp-json\/wp\/v2\/pages\/78\/revisions"}],"wp:attachment":[{"href":"https:\/\/cpmtenllado.es\/main\/wp-json\/wp\/v2\/media?parent=78"}],"curies":[{"name":"wp","href":"https:\/\/api.w.org\/{rel}","templated":true}]}}