{"id":7980,"date":"2024-02-14T13:07:21","date_gmt":"2024-02-14T12:07:21","guid":{"rendered":"https:\/\/cpmtenllado.es\/main\/?page_id=7980"},"modified":"2024-04-02T12:01:02","modified_gmt":"2024-04-02T10:01:02","slug":"acceso-distintos-1eb","status":"publish","type":"page","link":"https:\/\/cpmtenllado.es\/main\/informacion-administrativa\/acceso\/acceso-distintos-1eb\/","title":{"rendered":"Acceso a cursos distintos de 1EB"},"content":{"rendered":"<p>[et_pb_section fb_built=\u00bb1&#8243; fullwidth=\u00bbon\u00bb _builder_version=\u00bb4.16&#8243; global_colors_info=\u00bb{}\u00bb][et_pb_fullwidth_image src=\u00bbhttps:\/\/cpmtenllado.es\/main\/wp-content\/uploads\/img\/cabecera_nuestrocentro.jpg\u00bb show_in_lightbox=\u00bbon\u00bb _builder_version=\u00bb4.16&#8243; global_colors_info=\u00bb{}\u00bb][\/et_pb_fullwidth_image][\/et_pb_section][et_pb_section fb_built=\u00bb1&#8243; _builder_version=\u00bb4.16&#8243; global_colors_info=\u00bb{}\u00bb][et_pb_row _builder_version=\u00bb4.14.8&#8243; background_size=\u00bbinitial\u00bb background_position=\u00bbtop_left\u00bb background_repeat=\u00bbrepeat\u00bb max_height=\u00bb35px\u00bb custom_margin=\u00bb2px|auto|2px|auto|false|false\u00bb custom_padding=\u00bb0px|0px|0px|0px|false|false\u00bb global_module=\u00bb5613&#8243; saved_tabs=\u00bball\u00bb global_colors_info=\u00bb{}\u00bb][et_pb_column type=\u00bb4_4&#8243; _builder_version=\u00bb4.16&#8243; custom_padding=\u00bb|||\u00bb global_colors_info=\u00bb{}\u00bb custom_padding__hover=\u00bb|||\u00bb][et_pb_text _builder_version=\u00bb4.16&#8243; text_font_size=\u00bb13px\u00bb max_height=\u00bb35px\u00bb global_colors_info=\u00bb{}\u00bb]<\/p>\n\t\t\t<!-- Flexy Breadcrumb -->\r\n\t\t\t<div class=\"fbc fbc-page\">\r\n\r\n\t\t\t\t<!-- Breadcrumb wrapper -->\r\n\t\t\t\t<div class=\"fbc-wrap\">\r\n\r\n\t\t\t\t\t<!-- Ordered list-->\r\n\t\t\t\t\t<ol class=\"fbc-items\" itemscope itemtype=\"https:\/\/schema.org\/BreadcrumbList\">\r\n\t\t\t\t\t\t            <li itemprop=\"itemListElement\" itemscope itemtype=\"https:\/\/schema.org\/ListItem\">\r\n                <span itemprop=\"name\">\r\n                    <!-- Home Link -->\r\n                    <a itemprop=\"item\" href=\"https:\/\/cpmtenllado.es\/main\">\r\n                    \r\n                                                    <i class=\"fa none\" aria-hidden=\"true\"><\/i>Inicio                    <\/a>\r\n                <\/span>\r\n                <meta itemprop=\"position\" content=\"1\" \/><!-- Meta Position-->\r\n             <\/li><li><span class=\"fbc-separator\">><\/span><\/li><li class=\"active\" itemprop=\"itemListElement\" itemscope itemtype=\"https:\/\/schema.org\/ListItem\"><span itemprop=\"name\" title=\"Acceso a cursos distintos de 1EB\">Acceso a cursos distintos...<\/span><meta itemprop=\"position\" content=\"2\" \/><\/li>\t\t\t\t\t<\/ol>\r\n\t\t\t\t\t<div class=\"clearfix\"><\/div>\r\n\t\t\t\t<\/div>\r\n\t\t\t<\/div>\r\n\t\t\t\n<p>[\/et_pb_text][\/et_pb_column][\/et_pb_row][et_pb_row _builder_version=\u00bb4.16&#8243; background_size=\u00bbinitial\u00bb background_position=\u00bbtop_left\u00bb background_repeat=\u00bbrepeat\u00bb min_height=\u00bb167.2px\u00bb custom_margin=\u00bb2px|auto||auto||\u00bb custom_padding=\u00bb43px|0px|0px|0px|false|false\u00bb global_colors_info=\u00bb{}\u00bb][et_pb_column type=\u00bb4_4&#8243; _builder_version=\u00bb4.16&#8243; custom_padding=\u00bb|||\u00bb global_colors_info=\u00bb{}\u00bb custom_padding__hover=\u00bb|||\u00bb][et_pb_post_title meta=\u00bboff\u00bb featured_placement=\u00bbabove\u00bb _builder_version=\u00bb4.16&#8243; _module_preset=\u00bbdefault\u00bb title_font=\u00bb|700|||||||\u00bb global_colors_info=\u00bb{}\u00bb][\/et_pb_post_title][et_pb_text _builder_version=\u00bb4.24.0&#8243; min_height=\u00bb186.5px\u00bb global_colors_info=\u00bb{}\u00bb]Aqu\u00ed encontrar\u00e1 informaci\u00f3n sobre el acceso a cursos distintos de Primero de Ense\u00f1anzas B\u00e1sicas (1EB).<\/p>\n<p>La normativa que regula este procedimiento es, principalmente, la <a href=\"https:\/\/www.juntadeandalucia.es\/boja\/2013\/59\/2\" target=\"_blank\" rel=\"noopener\">Orden de 13 de marzo de 2013, por la que se regulan los criterios de admisi\u00f3n y los procedimientos de admisi\u00f3n y matriculaci\u00f3n del alumnado en las ense\u00f1anzas elementales b\u00e1sicas y profesionales de m\u00fasica y de danza, en los centros docentes p\u00fablicos de titularidad de la Junta de Andaluc\u00eda y se establece el calendario del procedimiento de admisi\u00f3n para el curso escolar 2013\/14<\/a>.<\/p>\n<p>Adem\u00e1s de esta Orden, puede consultar el resto de la normativa al respecto en <a href=\"https:\/\/www.juntadeandalucia.es\/educacion\/portales\/web\/escolarizacion\/ensenanzas-artisticas\/ensenanzas-elementales-basicas-y-profesionales-de-musica-y-danza\/normativa\" target=\"_blank\" rel=\"noopener\">este enlace<\/a>.<\/p>\n<p>Consulte la <a href=\"https:\/\/www.juntadeandalucia.es\/educacion\/portales\/web\/escolarizacion\/w\/ensenanzas-elementales-y-profesionales-de-musica?redirect=%2Feducacion%2Fportales%2Fweb%2Fescolarizacion%2Fensenanzas-artisticas%2Fensenanzas-elementales-basicas-y-profesionales-de-musica-y-danza\" target=\"_blank\" rel=\"noopener noreferrer\">informaci\u00f3n<\/a> que ofrece la Consejer\u00eda de Desarrollo Educativo y Formaci\u00f3n Profesional de la Junta de Andaluc\u00eda sobre las Ense\u00f1anzas de M\u00fasica.<br \/>\nConsulte el <a href=\"https:\/\/www.juntadeandalucia.es\/educacion\/portales\/web\/escolarizacion\/ensenanzas-artisticas\/ensenanzas-elementales-basicas-y-profesionales-de-musica-y-danza\/calendario\" target=\"_blank\" rel=\"noopener noreferrer\">calendario de escolarizaci\u00f3n<\/a> para las Ense\u00f1anzas de M\u00fasica publicado en la web de la Consejer\u00eda de Desarrollo Educativo y Formaci\u00f3n Profesional de la Junta de Andaluc\u00eda.<\/p>\n<blockquote><p><strong>Debe aportar toda la documentaci\u00f3n necesaria para la tramitaci\u00f3n de las solicitudes en un solo acto, se rechazar\u00e1n las solicitudes incompletas.<\/strong><\/p>\n<p><strong>En caso de problemas t\u00e9cnicos con la tramitaci\u00f3n telem\u00e1tica, llame al <a href=\"tel:900848000\">900848000<\/a><\/strong>.<\/p><\/blockquote>\n<p>[\/et_pb_text][\/et_pb_column][\/et_pb_row][et_pb_row _builder_version=\u00bb4.16&#8243; _module_preset=\u00bbdefault\u00bb global_colors_info=\u00bb{}\u00bb][et_pb_column type=\u00bb4_4&#8243; _builder_version=\u00bb4.16&#8243; _module_preset=\u00bbdefault\u00bb global_colors_info=\u00bb{}\u00bb][et_pb_text _builder_version=\u00bb4.24.2&#8243; _module_preset=\u00bbdefault\u00bb hover_enabled=\u00bb0&#8243; global_colors_info=\u00bb{}\u00bb sticky_enabled=\u00bb0&#8243;]<\/p>\n<div id=\"ez-toc-container\" class=\"ez-toc-v2_0_80 counter-hierarchy ez-toc-counter ez-toc-grey ez-toc-container-direction\">\n<div class=\"ez-toc-title-container\">\n<p class=\"ez-toc-title\" style=\"cursor:inherit\">\u00cdndice<\/p>\n<span class=\"ez-toc-title-toggle\"><a href=\"#\" class=\"ez-toc-pull-right ez-toc-btn ez-toc-btn-xs ez-toc-btn-default ez-toc-toggle\" aria-label=\"Alternar tabla de contenidos\"><span class=\"ez-toc-js-icon-con\"><span class=\"\"><span class=\"eztoc-hide\" style=\"display:none;\">Toggle<\/span><span class=\"ez-toc-icon-toggle-span\"><svg style=\"fill: #999;color:#999\" xmlns=\"http:\/\/www.w3.org\/2000\/svg\" class=\"list-377408\" width=\"20px\" height=\"20px\" viewBox=\"0 0 24 24\" fill=\"none\"><path d=\"M6 6H4v2h2V6zm14 0H8v2h12V6zM4 11h2v2H4v-2zm16 0H8v2h12v-2zM4 16h2v2H4v-2zm16 0H8v2h12v-2z\" fill=\"currentColor\"><\/path><\/svg><svg style=\"fill: #999;color:#999\" class=\"arrow-unsorted-368013\" xmlns=\"http:\/\/www.w3.org\/2000\/svg\" width=\"10px\" height=\"10px\" viewBox=\"0 0 24 24\" version=\"1.2\" baseProfile=\"tiny\"><path d=\"M18.2 9.3l-6.2-6.3-6.2 6.3c-.2.2-.3.4-.3.7s.1.5.3.7c.2.2.4.3.7.3h11c.3 0 .5-.1.7-.3.2-.2.3-.5.3-.7s-.1-.5-.3-.7zM5.8 14.7l6.2 6.3 6.2-6.3c.2-.2.3-.5.3-.7s-.1-.5-.3-.7c-.2-.2-.4-.3-.7-.3h-11c-.3 0-.5.1-.7.3-.2.2-.3.5-.3.7s.1.5.3.7z\"\/><\/svg><\/span><\/span><\/span><\/a><\/span><\/div>\n<nav><ul class='ez-toc-list ez-toc-list-level-1 ' ><li class='ez-toc-page-1 ez-toc-heading-level-2'><a class=\"ez-toc-link ez-toc-heading-1\" href=\"https:\/\/cpmtenllado.es\/main\/informacion-administrativa\/acceso\/acceso-distintos-1eb\/#Requisitos\" >Requisitos<\/a><\/li><li class='ez-toc-page-1 ez-toc-heading-level-2'><a class=\"ez-toc-link ez-toc-heading-2\" href=\"https:\/\/cpmtenllado.es\/main\/informacion-administrativa\/acceso\/acceso-distintos-1eb\/#Informacion_general\" >Informaci\u00f3n general<\/a><\/li><li class='ez-toc-page-1 ez-toc-heading-level-2'><a class=\"ez-toc-link ez-toc-heading-3\" href=\"https:\/\/cpmtenllado.es\/main\/informacion-administrativa\/acceso\/acceso-distintos-1eb\/#Solicitudes\" >Solicitudes<\/a><\/li><li class='ez-toc-page-1 ez-toc-heading-level-2'><a class=\"ez-toc-link ez-toc-heading-4\" href=\"https:\/\/cpmtenllado.es\/main\/informacion-administrativa\/acceso\/acceso-distintos-1eb\/#Calendario_del_procedimiento_de_admision\" >Calendario del procedimiento de admisi\u00f3n<\/a><\/li><li class='ez-toc-page-1 ez-toc-heading-level-2'><a class=\"ez-toc-link ez-toc-heading-5\" href=\"https:\/\/cpmtenllado.es\/main\/informacion-administrativa\/acceso\/acceso-distintos-1eb\/#Matriculacion\" >Matriculaci\u00f3n<\/a><\/li><li class='ez-toc-page-1 ez-toc-heading-level-2'><a class=\"ez-toc-link ez-toc-heading-6\" href=\"https:\/\/cpmtenllado.es\/main\/informacion-administrativa\/acceso\/acceso-distintos-1eb\/#Otra_informacion\" >Otra informaci\u00f3n<\/a><\/li><\/ul><\/nav><\/div>\n<h2><span class=\"ez-toc-section\" id=\"Requisitos\"><\/span>Requisitos<span class=\"ez-toc-section-end\"><\/span><\/h2>\n<ol>\n<li>Solicitar la admisi\u00f3n en el plazo establecido.<\/li>\n<li>Estar incluido en la relaci\u00f3n de personas solicitantes admitidas a las pruebas de acceso a cursos distintos de 1\u00ba de Ense\u00f1anzas B\u00e1sicas.<\/li>\n<li>Superar la prueba de acceso convocada.<\/li>\n<li>Obtener plaza en el proceso de adjudicaci\u00f3n correspondiente.<\/li>\n<\/ol>\n<h2><span class=\"ez-toc-section\" id=\"Informacion_general\"><\/span>Informaci\u00f3n general<span class=\"ez-toc-section-end\"><\/span><\/h2>\n<ul>\n<li>Consulte las <a href=\"https:\/\/cpmtenllado.es\/main\/wp-content\/uploads\/docadmin\/admision\/pruebas\/info-pr-no-eb1.pdf\" target=\"_blank\" rel=\"noopener\">caracter\u00edsticas de la prueba de acceso<\/a>.<\/li>\n<li>Consulte el <a href=\"https:\/\/cpmtenllado.es\/main\/wp-content\/uploads\/docadmin\/admision\/adjud\/info-adj-no-eb1.pdf\" target=\"_blank\" rel=\"noopener\">documento informativo sobre la adjudicaci\u00f3n en cursos distintos de 1\u00ba de Ense\u00f1anzas B\u00e1sicas<\/a>.<\/li>\n<li>Superar la prueba de acceso no implica obtener plaza.<\/li>\n<li>La calificaci\u00f3n obtenida en la prueba de acceso es el \u00fanico criterio tenido en cuenta para la adjudicaci\u00f3n de las plazas.<\/li>\n<li>La superaci\u00f3n de la prueba surtir\u00e1 efecto \u00fanicamente para el curso para el que haya sido convocada.<\/li>\n<\/ul>\n<h2><span class=\"ez-toc-section\" id=\"Solicitudes\"><\/span>Solicitudes<span class=\"ez-toc-section-end\"><\/span><\/h2>\n<p>El plazo de presentaci\u00f3n de solicitudes de admisi\u00f3n es del 1 al 30 de abril, ambos incluidos. La solicitudes deben presentarse telem\u00e1ticamente a trav\u00e9s de la <a href=\"https:\/\/www.juntadeandalucia.es\/educacion\/secretariavirtual\/\" target=\"_blank\" rel=\"noopener\">Secretar\u00eda Virtual de los Centros educativos andaluces<\/a>. En caso de hacer la inscripci\u00f3n con iAnde, recuerde utilizar los datos del DNI de la persona aspirante, no los del padre, madre, tutor o tutora legal.<br \/>Puede solicitarse la realizaci\u00f3n de la prueba de acceso a un m\u00e1ximo de dos cursos consecutivos.<br \/>Para cada aspirante solo se podr\u00e1 presentar una solicitud de admisi\u00f3n en un conservatorio de la Comunidad Aut\u00f3noma de Andaluc\u00eda.<br \/>Las solicitudes presentadas fuera del plazo establecido quedar\u00e1n excluidas del procedimiento de admisi\u00f3n.<\/p>\n<h3><a name=\"Solicitudes_recibidas\"><\/a>Solicitudes recibidas<\/h3>\n<p>Compruebe el <a href=\"https:\/\/www.juntadeandalucia.es\/educacion\/secretariavirtual\/accesoConsultas\/1500\/\" target=\"_blank\" rel=\"noopener\">estado de tramitaci\u00f3n de su solicitud<\/a> (disponible el ?? de mayo). Aparecer en este listado no implica que la persona aspirante haya sido admitida, sino \u00fanicamente que se ha recibido la solicitud. Los posibles estados de tramitaci\u00f3n son:<\/p>\n<ul>\n<li>En tr\u00e1mite o no admitida: La solicitud se ha recibido correctamente y el procedimiento contin\u00faa con normalidad.<\/li>\n<li>Desestimada: La solicitud ha sido desestimada por el motivo que se indique en cada caso.<\/li>\n<\/ul>\n<p><span>En caso de problemas de acceso, llame al tel\u00e9fono de la Secretar\u00eda Virtual de los centros educativos andaluces, <a href=\"tel:900848000\">900848000<\/a>.<\/span><\/p>\n<p>[\/et_pb_text][et_pb_text _builder_version=\u00bb4.24.0&#8243; _module_preset=\u00bbdefault\u00bb global_colors_info=\u00bb{}\u00bb]<\/p>\n<h2><span class=\"ez-toc-section\" id=\"Calendario_del_procedimiento_de_admision\"><\/span>Calendario del procedimiento de admisi\u00f3n<span class=\"ez-toc-section-end\"><\/span><\/h2>\n<p style=\"text-align: center;\">\n<table id=\"tablepress-5\" class=\"tablepress tablepress-id-5 tbody-has-connected-cells\">\n<thead>\n<tr class=\"row-1\">\n\t<th class=\"column-1\">Fecha<\/th><th class=\"column-2\">Evento<\/th><th class=\"column-3\">Informaci\u00f3n<\/th>\n<\/tr>\n<\/thead>\n<tbody class=\"row-striping\">\n<tr class=\"row-2\">\n\t<td class=\"column-1\">20\/03\/2026<\/td><td class=\"column-2\"><a href=\"https:\/\/www.juntadeandalucia.es\/educacion\/secretariavirtual\/consulta\/oferta-educativa-conservatorios\/\" rel=\"noopener\" target=\"_blank\">Oferta inicial de plazas<\/a><\/td><td class=\"column-3\"><\/td>\n<\/tr>\n<tr class=\"row-3\">\n\t<td class=\"column-1\">01\/04\/2026 a 30\/04\/2026<\/td><td class=\"column-2\">Plazo de presentaci\u00f3n de solicitudes<\/td><td class=\"column-3\"><a href=\"#Solicitudes\">Solicitudes<a\/><\/td>\n<\/tr>\n<tr class=\"row-4\">\n\t<td class=\"column-1\"><\/td><td class=\"column-2\"><a href=\"https:\/\/www.juntadeandalucia.es\/educacion\/secretariavirtual\/accesoConsultas\/1655\/\" rel=\"noopener\" target=\"_blank\">Publicaci\u00f3n de solicitudes recibidas<\/a><\/td><td class=\"column-3\"><a href=\"#Solicitudes_recibidas\">Solicitudes recibidas<a\/><\/td>\n<\/tr>\n<tr class=\"row-5\">\n\t<td class=\"column-1\">12\/05\/2026<\/td><td class=\"column-2\">Sorteo del procedimiento de admisi\u00f3n<\/td><td class=\"column-3\"><\/td>\n<\/tr>\n<tr class=\"row-6\">\n\t<td class=\"column-1\">15\/05\/2026<\/td><td class=\"column-2\"><a href=\"https:\/\/www.juntadeandalucia.es\/educacion\/secretariavirtual\/consultas\/#CONSERV\" rel=\"noopener\" target=\"_blank\">Publicaci\u00f3n de admitidos y no admitidos a las pruebas<\/a><\/td><td class=\"column-3\">En caso de problemas de acceso, llame al tel\u00e9fono de la Secretar\u00eda Virtual de los centros educativos andaluces, <a href=\"tel:+34900848000\" rel=\"noopener\" target=\"_blank\">900848000<\/a><\/td>\n<\/tr>\n<tr class=\"row-7\">\n\t<td class=\"column-1\">13\/07\/2026<\/td><td class=\"column-2\"><a href=\"https:\/\/cpmtenllado.es\/main\/wp-content\/uploads\/docadmin\/admision\/pruebas\/conv\/conv-no-eb1.pdf\" rel=\"noopener\" target=\"_blank\">Convocatoria de las pruebas<\/td><td class=\"column-3\"><\/td>\n<\/tr>\n<tr class=\"row-8\">\n\t<td class=\"column-1\">01\/09\/2026 a 09\/09\/2026<\/td><td class=\"column-2\">Realizaci\u00f3n de las pruebas<\/td><td class=\"column-3\"><\/td>\n<\/tr>\n<tr class=\"row-9\">\n\t<td rowspan=\"2\" class=\"column-1\">10\/09\/2026<\/td><td class=\"column-2\"><a href=\"https:\/\/cpmtenllado.es\/main\/wp-content\/uploads\/docadmin\/admision\/plazas\/of-no-eb1-def.pdf\" rel=\"noopener\" target=\"blank\">Oferta definitiva de vacantes<\/a><\/td><td class=\"column-3\"><\/td>\n<\/tr>\n<tr class=\"row-10\">\n\t<td class=\"column-2\"><a href=\"https:\/\/cpmtenllado.es\/main\/wp-content\/uploads\/docadmin\/admision\/calif\/clf-prov-no-eb1.pdf\" rel=\"noopener\" target=\"_blank\">Calificaciones provisionales<\/a><\/td><td class=\"column-3\"><\/td>\n<\/tr>\n<tr class=\"row-11\">\n\t<td class=\"column-1\">11\/09\/2026 a 14\/09\/2026<\/td><td class=\"column-2\">Reclamaciones a las calificaciones<\/td><td class=\"column-3\">Mediante <a href=\"https:\/\/www.juntadeandalucia.es\/educacion\/secretariavirtual\/accesoTramite\/462\/\" rel=\"noopener\" target=\"_blank\">Presentaci\u00f3n electr\u00f3nica general en centros educativos<\/a><\/td>\n<\/tr>\n<tr class=\"row-12\">\n\t<td class=\"column-1\">16\/09\/2026<\/td><td class=\"column-2\"><a href=\"https:\/\/cpmtenllado.es\/main\/wp-content\/uploads\/docadmin\/admision\/calif\/clf-def-no-eb1.pdf\" rel=\"noopener\" target=\"_blank\">Calificaciones definitivas<\/a><\/td><td class=\"column-3\">Resoluci\u00f3n a las reclamaciones<\/td>\n<\/tr>\n<tr class=\"row-13\">\n\t<td class=\"column-1\">17\/09\/2026<\/td><td class=\"column-2\"><a href=\"https:\/\/cpmtenllado.es\/main\/wp-content\/uploads\/docadmin\/admision\/adjud\/res-adj-no-eb1.pdf\" rel=\"noopener\" target=\"_blank\">Resoluci\u00f3n de admisi\u00f3n<\/a><\/td><td class=\"column-3\"><a href=\"https:\/\/cpmtenllado.es\/main\/informacion-administrativa\/matriculacion\/\" rel=\"noopener\" target=\"_blank\">Matr\u00edcula 18 a 21 de septiembre<\/a><\/td>\n<\/tr>\n<tr class=\"row-14\">\n\t<td class=\"column-1\">22\/09\/2026<\/td><td class=\"column-2\"><a href=\"https:\/\/cpmtenllado.es\/main\/wp-content\/uploads\/docadmin\/admision\/adjud\/res-adj-no-eb1-2.pdf\" rel=\"noopener\" target=\"_blank\">Adjudicaci\u00f3n de vacantes (segunda vuelta)<\/a><\/td><td class=\"column-3\"><a href=\"https:\/\/cpmtenllado.es\/main\/informacion-administrativa\/matriculacion\/\" rel=\"noopener\" target=\"_blank\">Matr\u00edcula 22 y 23 de septiembre<\/a><\/td>\n<\/tr>\n<tr class=\"row-15\">\n\t<td class=\"column-1\">24\/09\/2026<\/td><td class=\"column-2\"><a href=\"https:\/\/cpmtenllado.es\/main\/wp-content\/uploads\/docadmin\/admision\/adjud\/res-adj-no-eb1-vert.pdf\" rel=\"noopener\" target=\"_blank\">Adjudicaci\u00f3n de vacantes por movimientos verticales<\/a><\/td><td class=\"column-3\"><a href=\"https:\/\/cpmtenllado.es\/main\/informacion-administrativa\/matriculacion\/\" rel=\"noopener\" target=\"_blank\">Matr\u00edcula 24 y 25 de septiembre<\/a><\/td>\n<\/tr>\n<\/tbody>\n<\/table>\n<!-- #tablepress-5 from cache --><\/p>\n<p>[\/et_pb_text][et_pb_text _builder_version=\u00bb4.24.0&#8243; _module_preset=\u00bbdefault\u00bb global_colors_info=\u00bb{}\u00bb]<\/p>\n<ul><\/ul>\n<h2><span class=\"ez-toc-section\" id=\"Matriculacion\"><\/span>Matriculaci\u00f3n<span class=\"ez-toc-section-end\"><\/span><\/h2>\n<p>Consulte la informaci\u00f3n sobre la matriculaci\u00f3n accediendo al apartado\u00a0<a href=\"https:\/\/cpmtenllado.es\/main\/informacion-administrativa\/matriculacion\/\" target=\"_blank\" rel=\"noopener\">Matr\u00edculas<\/a>\u00a0de la Informaci\u00f3n administrativa de esta web.<\/p>\n<h2><span class=\"ez-toc-section\" id=\"Otra_informacion\"><\/span>Otra informaci\u00f3n<span class=\"ez-toc-section-end\"><\/span><\/h2>\n<p>En caso de que excepcionalmente deba entregar la solicitud presencialmente, descargue, cumplimente, y firme la <a href=\"https:\/\/www.juntadeandalucia.es\/educacion\/portals\/delegate\/content\/fcc0d583-7160-4cd7-9a62-938940bbc3e7\/ANEXO%20I\">Solicitud de admisi\u00f3n (Anexo I)<\/a>. Acuda al centro en horario de atenci\u00f3n administrativa con la solicitud, una fotocopia de la misma y una fotocopia del libro de familia, partida de nacimiento u otro documento oficial acreditativo de la identidad y la edad de la persona aspirante; y, en su caso, el r\u00e9gimen de representaci\u00f3n de la persona solicitante. En el caso de que la persona que ejerza la representaci\u00f3n legal no sea el padre o la madre, deber\u00e1 presentarse copia autenticada del documento que acredite su representaci\u00f3n.<\/p>\n<p>[\/et_pb_text][\/et_pb_column][\/et_pb_row][\/et_pb_section]<\/p>\n","protected":false},"excerpt":{"rendered":"<p>Consulte en esta p\u00e1gina la informaci\u00f3n sobre el acceso a cursos distintos de 1\u00ba de Ense\u00f1anzas B\u00e1sicas.<\/p>\n","protected":false},"author":4,"featured_media":0,"parent":5481,"menu_order":0,"comment_status":"closed","ping_status":"closed","template":"","meta":{"_et_pb_use_builder":"on","_et_pb_old_content":"","_et_gb_content_width":"","footnotes":""},"class_list":["post-7980","page","type-page","status-publish","hentry"],"_links":{"self":[{"href":"https:\/\/cpmtenllado.es\/main\/wp-json\/wp\/v2\/pages\/7980","targetHints":{"allow":["GET"]}}],"collection":[{"href":"https:\/\/cpmtenllado.es\/main\/wp-json\/wp\/v2\/pages"}],"about":[{"href":"https:\/\/cpmtenllado.es\/main\/wp-json\/wp\/v2\/types\/page"}],"author":[{"embeddable":true,"href":"https:\/\/cpmtenllado.es\/main\/wp-json\/wp\/v2\/users\/4"}],"replies":[{"embeddable":true,"href":"https:\/\/cpmtenllado.es\/main\/wp-json\/wp\/v2\/comments?post=7980"}],"version-history":[{"count":0,"href":"https:\/\/cpmtenllado.es\/main\/wp-json\/wp\/v2\/pages\/7980\/revisions"}],"up":[{"embeddable":true,"href":"https:\/\/cpmtenllado.es\/main\/wp-json\/wp\/v2\/pages\/5481"}],"wp:attachment":[{"href":"https:\/\/cpmtenllado.es\/main\/wp-json\/wp\/v2\/media?parent=7980"}],"curies":[{"name":"wp","href":"https:\/\/api.w.org\/{rel}","templated":true}]}}